{"id":7003,"date":"2021-07-29T09:57:33","date_gmt":"2021-07-29T09:57:33","guid":{"rendered":"https:\/\/ese.energy\/chi-siamo\/"},"modified":"2025-04-08T16:21:02","modified_gmt":"2025-04-08T14:21:02","slug":"chi-siamo","status":"publish","type":"page","link":"https:\/\/ese.energy\/de\/chi-siamo\/","title":{"rendered":"\u00dcber uns"},"content":{"rendered":"<style type=\"text\/css\"><\/style>\n<figure class=\"wp-block-image size-full is-resized\"><img loading=\"lazy\" decoding=\"async\" width=\"500\" height=\"273\" src=\"https:\/\/ese.energy\/wp-content\/uploads\/2023\/10\/Logo-Ese.png\" alt=\"\" class=\"wp-image-6422\" style=\"width:247px\" srcset=\"https:\/\/ese.energy\/wp-content\/uploads\/2023\/10\/Logo-Ese.png 500w, https:\/\/ese.energy\/wp-content\/uploads\/2023\/10\/Logo-Ese-300x164.png 300w\" sizes=\"auto, (max-width: 500px) 100vw, 500px\" \/><\/figure>\n\n\n\n<div style=\"height:40px\" aria-hidden=\"true\" class=\"wp-block-spacer\"><\/div>\n\n\n\n<p>Willkommen in der Welt der Innovation im Dienste der Energieeffizienz. ESE ist ein Pionierunternehmen im Energiesektor, das sich auf die Herstellung von technologisch fortschrittlichen Ger\u00e4ten konzentriert, die das Energiemanagement in Unternehmen, Betrieben, Hotels, Food-Bereich und im Einzelhandelsketten ver\u00e4ndern.<\/p>\n\n\n\n<p>Dank seiner Marktstrategien, der Investitionen in Forschung und Entwicklung und der fruchtbaren Zusammenarbeit mit Universit\u00e4ten, darunter das <strong>CESMA <\/strong>(Dienstleistungszentrum f\u00fcr fortschrittliche Messtechnik und Technologie) der <strong>Universit\u00e4t Federico II in Neapel<\/strong>, geh\u00f6rt <strong>ESE <\/strong>zu den dynamischsten Unternehmen in Bezug auf Ergebnisse sowie Forschung und Entwicklung. ESE ist in ganz Italien t\u00e4tig.<\/p>\n\n\n\n<div style=\"height:50px\" aria-hidden=\"true\" class=\"wp-block-spacer\"><\/div>\n\n\n\n<div class=\"wp-block-columns is-layout-flex wp-container-core-columns-is-layout-9d6595d7 wp-block-columns-is-layout-flex\">\n<div class=\"wp-block-column animated fadeInUp is-layout-flow wp-block-column-is-layout-flow\">\n<figure class=\"wp-block-image size-full is-resized\"><img loading=\"lazy\" decoding=\"async\" width=\"232\" height=\"234\" src=\"https:\/\/ese.energy\/wp-content\/uploads\/2021\/09\/valori_ese.webp\" alt=\"\" class=\"wp-image-2979\" style=\"width:150px\" srcset=\"https:\/\/ese.energy\/wp-content\/uploads\/2021\/09\/valori_ese.webp 232w, https:\/\/ese.energy\/wp-content\/uploads\/2021\/09\/valori_ese-150x150.webp 150w, https:\/\/ese.energy\/wp-content\/uploads\/2021\/09\/valori_ese-55x55.webp 55w\" sizes=\"auto, (max-width: 232px) 100vw, 232px\" \/><\/figure>\n\n\n\n<h3 class=\"wp-block-heading has-text-align-center bold-orange\" style=\"font-size:25px\">Werte<\/h3>\n\n\n\n<p class=\"has-text-align-left\">Ein Planet, der uns von unseren Kindern geliehen wurde. Deshalb verpflichten wir uns, unsere Auswirkungen auf die Umwelt zu verringern, indem wir Maschinen entwickeln und herstellen, die zur Verringerung der CO2-Emissionen und zur Optimierung der Energieressourcen beitragen.<\/p>\n<\/div>\n\n\n\n<div class=\"wp-block-column animated fadeInUp is-layout-flow wp-block-column-is-layout-flow\">\n<figure class=\"wp-block-image size-full is-resized\"><img loading=\"lazy\" decoding=\"async\" width=\"232\" height=\"234\" src=\"https:\/\/ese.energy\/wp-content\/uploads\/2021\/09\/vision-ese.webp\" alt=\"\" class=\"wp-image-2981\" style=\"width:150px\" srcset=\"https:\/\/ese.energy\/wp-content\/uploads\/2021\/09\/vision-ese.webp 232w, https:\/\/ese.energy\/wp-content\/uploads\/2021\/09\/vision-ese-150x150.webp 150w, https:\/\/ese.energy\/wp-content\/uploads\/2021\/09\/vision-ese-55x55.webp 55w\" sizes=\"auto, (max-width: 232px) 100vw, 232px\" \/><\/figure>\n\n\n\n<h3 class=\"wp-block-heading has-text-align-center bold-orange\" style=\"font-size:25px\">Vision<\/h3>\n\n\n\n<p class=\"has-text-align-left\">Die Vorstellung einer Welt, in der Energie klug, effizient und umweltfreundlich verwaltet wird.<\/p>\n<\/div>\n\n\n\n<div class=\"wp-block-column animated fadeInUp is-layout-flow wp-block-column-is-layout-flow\">\n<figure class=\"wp-block-image size-full is-resized\"><img loading=\"lazy\" decoding=\"async\" width=\"232\" height=\"234\" src=\"https:\/\/ese.energy\/wp-content\/uploads\/2021\/09\/mission_ese-19.webp\" alt=\"\" class=\"wp-image-2980\" style=\"width:150px\" srcset=\"https:\/\/ese.energy\/wp-content\/uploads\/2021\/09\/mission_ese-19.webp 232w, https:\/\/ese.energy\/wp-content\/uploads\/2021\/09\/mission_ese-19-150x150.webp 150w, https:\/\/ese.energy\/wp-content\/uploads\/2021\/09\/mission_ese-19-55x55.webp 55w\" sizes=\"auto, (max-width: 232px) 100vw, 232px\" \/><\/figure>\n\n\n\n<h3 class=\"wp-block-heading has-text-align-center bold-orange\" style=\"font-size:25px\">Mission<\/h3>\n\n\n\n<p class=\"has-text-align-left\">Den Wandel hin zu einer nachhaltigen Energiezukunft vorantreiben, indem wir innovative, hochmoderne L\u00f6sungen im Bereich der Energieeffizienz anbieten<\/p>\n<\/div>\n<\/div>\n\n\n\n<div style=\"height:20px\" aria-hidden=\"true\" class=\"wp-block-spacer\"><\/div>\n\n\n\n<div class=\"wp-block-cover alignfull is-light\"><span aria-hidden=\"true\" class=\"wp-block-cover__background has-background-dim-20 has-background-dim\"><\/span><img loading=\"lazy\" decoding=\"async\" width=\"1200\" height=\"675\" class=\"wp-block-cover__image-background wp-image-3072\" alt=\"\" src=\"https:\/\/ese.energy\/wp-content\/uploads\/2021\/09\/banner-chi-siamo-1.jpg\" data-object-fit=\"cover\" srcset=\"https:\/\/ese.energy\/wp-content\/uploads\/2021\/09\/banner-chi-siamo-1.jpg 1200w, https:\/\/ese.energy\/wp-content\/uploads\/2021\/09\/banner-chi-siamo-1-300x169.jpg 300w, https:\/\/ese.energy\/wp-content\/uploads\/2021\/09\/banner-chi-siamo-1-1024x576.jpg 1024w, https:\/\/ese.energy\/wp-content\/uploads\/2021\/09\/banner-chi-siamo-1-768x432.jpg 768w, https:\/\/ese.energy\/wp-content\/uploads\/2021\/09\/banner-chi-siamo-1-580x326.jpg 580w, https:\/\/ese.energy\/wp-content\/uploads\/2021\/09\/banner-chi-siamo-1-820x461.jpg 820w, https:\/\/ese.energy\/wp-content\/uploads\/2021\/09\/banner-chi-siamo-1-1160x653.jpg 1160w\" sizes=\"auto, (max-width: 1200px) 100vw, 1200px\" \/><div class=\"wp-block-cover__inner-container is-layout-flow wp-block-cover-is-layout-flow\">\n<div class=\"wp-block-buttons is-content-justification-center is-layout-flex wp-container-core-buttons-is-layout-16018d1d wp-block-buttons-is-layout-flex\">\n<div class=\"wp-block-button\"><a class=\"wp-block-button__link wp-element-button\" href=\"https:\/\/ese.energy\/wp-content\/uploads\/brochure\/brochure-tedesco.pdf\" target=\"_blank\" rel=\"noreferrer noopener\">ese PR\u00c4SENTATION<\/a><\/div>\n<\/div>\n<\/div><\/div>\n\n\n\n<div style=\"height:30px\" aria-hidden=\"true\" class=\"wp-block-spacer\"><\/div>\n\n\n\n<h2 class=\"wp-block-heading\" style=\"font-size:27px\">Der <span class=\"bold-orange\">Schl\u00fcssel<\/span> zum Erfolg<\/h2>\n\n\n\n<p>Der Schl\u00fcssel zum Erfolg von ESE liegt in der Kundenorientierung und dem multidisziplin\u00e4ren Ansatz, der sich in einem strukturierten und eingehenden Angebot zur Ermittlung von Verschwendung und verbesserungsw\u00fcrdigen Bereichen sowie in der Festlegung von vorrangigen Ma\u00dfnahmen zur Steigerung der Effizienz der genutzten Kapazit\u00e4ten und damit des Energieverbrauchs niederschl\u00e4gt.<\/p>\n\n\n\n<div style=\"height:20px\" aria-hidden=\"true\" class=\"wp-block-spacer\"><\/div>\n\n\n\n<div class=\"wp-block-columns is-layout-flex wp-container-core-columns-is-layout-9d6595d7 wp-block-columns-is-layout-flex\">\n<div class=\"wp-block-column is-layout-flow wp-block-column-is-layout-flow\">\n<h2 class=\"wp-block-heading\" style=\"font-size:27px\"><span class=\"bold-orange\">Fachbereiche<\/span><\/h2>\n\n\n\n<ul style=\"font-size:17px;font-family:'Poppins', sans-serif;color:#676767;\"><li>Industriebereich<\/li><li>Hotelgewerbe<\/li><li>Handelsbereich<\/li><li>Handwerksbereich<\/li><li>Wohnbereich<\/li><li>Dienstleistungssektor<\/li><li>\u00d6ffentliche Einrichtungen<br><\/li><\/ul>\n<\/div>\n\n\n\n<div class=\"wp-block-column is-layout-flow wp-block-column-is-layout-flow\">\n<h2 class=\"wp-block-heading\" style=\"font-size:27px\">Unsere Dienstleistungen<\/h2>\n\n\n\n<ul style=\"font-size:17px;font-family:'Poppins', sans-serif;color:#676767;\">\n  <li>Energieeffizienz gem\u00e4\u00df UNI CEI EN ISO 50001:2018<\/li>\n  <li>Verbrauchs\u00fcberwachung gem\u00e4\u00df MID-Richtlinie<\/li>\n  <li>Stromqualit\u00e4t<\/li>\n  <li>Industrie 5.0<\/li>\n  <li>Industrie 4.0<\/li>\n  <li>Lithium-USV<\/li>\n  <li>Hybride Generatoren<\/li>\n  <li>Mehrstufige Blindleistungskompensatoren<\/li>\n  <li>Stabilisatoren<\/li>\n  <li>Elektrische Effizienz<\/li>\n  <li>Photovoltaik-Effizienz<\/li>\n  <li>Software<\/li>\n  <li>iOS- und Android-Dashboard<\/li>\n  <li>Impedanz-Optimierer<\/li>\n  <li>Leistungselektronik<\/li>\n<\/ul>\n<\/div>\n<\/div>\n\n\n\n<div style=\"height:20px\" aria-hidden=\"true\" class=\"wp-block-spacer\"><\/div>\n\n\n\n<p><\/p>\n","protected":false},"excerpt":{"rendered":"<p>Willkommen in der Welt der Innovation im Dienste der Energieeffizienz. ESE ist ein Pionierunternehmen im Energiesektor, das sich auf die Herstellung von technologisch fortschrittlichen Ger\u00e4ten konzentriert, die das Energiemanagement in Unternehmen, Betrieben, Hotels, Food-Bereich und im Einzelhandelsketten ver\u00e4ndern. Dank seiner Marktstrategien, der Investitionen in Forschung und Entwicklung und der fruchtbaren Zusammenarbeit mit Universit\u00e4ten, darunter das&#8230;<\/p>\n","protected":false},"author":2,"featured_media":6959,"parent":0,"menu_order":0,"comment_status":"closed","ping_status":"closed","template":"","meta":{"_uag_custom_page_level_css":"","_themeisle_gutenberg_block_has_review":false,"footnotes":""},"class_list":["post-7003","page","type-page","status-publish","has-post-thumbnail","hentry"],"yoast_head":"<!-- This site is optimized with the Yoast SEO plugin v27.3 - https:\/\/yoast.com\/product\/yoast-seo-wordpress\/ -->\n<title>\u00dcber uns - ESE<\/title>\n<meta name=\"description\" content=\"Willkommen in der Welt der Innovation im Dienste der Energieeffizienz. ESE ist ein Pionierunternehmen im Energiesektor, das sich auf die Herstellung von\" \/>\n<meta name=\"robots\" content=\"index, follow, max-snippet:-1, max-image-preview:large, max-video-preview:-1\" \/>\n<link rel=\"canonical\" href=\"https:\/\/ese.energy\/de\/chi-siamo\/\" \/>\n<meta property=\"og:locale\" content=\"de_DE\" \/>\n<meta property=\"og:type\" content=\"article\" \/>\n<meta property=\"og:title\" content=\"\u00dcber uns - ESE\" \/>\n<meta property=\"og:description\" content=\"Willkommen in der Welt der Innovation im Dienste der Energieeffizienz. ESE ist ein Pionierunternehmen im Energiesektor, das sich auf die Herstellung von\" \/>\n<meta property=\"og:url\" content=\"https:\/\/ese.energy\/de\/chi-siamo\/\" \/>\n<meta property=\"og:site_name\" content=\"ESE\" \/>\n<meta property=\"article:modified_time\" content=\"2025-04-08T14:21:02+00:00\" \/>\n<meta property=\"og:image\" content=\"https:\/\/ese.energy\/wp-content\/uploads\/2021\/09\/Logo-WestCoast-Elettrical.png\" \/>\n\t<meta property=\"og:image:width\" content=\"1250\" \/>\n\t<meta property=\"og:image:height\" content=\"1250\" \/>\n\t<meta property=\"og:image:type\" content=\"image\/png\" \/>\n<meta name=\"twitter:card\" content=\"summary_large_image\" \/>\n<meta name=\"twitter:label1\" content=\"Gesch\u00e4tzte Lesezeit\" \/>\n\t<meta name=\"twitter:data1\" content=\"3\u00a0Minuten\" \/>\n<script type=\"application\/ld+json\" class=\"yoast-schema-graph\">{\"@context\":\"https:\\\/\\\/schema.org\",\"@graph\":[{\"@type\":[\"WebPage\",\"AboutPage\"],\"@id\":\"https:\\\/\\\/ese.energy\\\/de\\\/chi-siamo\\\/\",\"url\":\"https:\\\/\\\/ese.energy\\\/de\\\/chi-siamo\\\/\",\"name\":\"\u00dcber uns - ESE\",\"isPartOf\":{\"@id\":\"https:\\\/\\\/ese.energy\\\/de\\\/#website\"},\"primaryImageOfPage\":{\"@id\":\"https:\\\/\\\/ese.energy\\\/de\\\/chi-siamo\\\/#primaryimage\"},\"image\":{\"@id\":\"https:\\\/\\\/ese.energy\\\/de\\\/chi-siamo\\\/#primaryimage\"},\"thumbnailUrl\":\"https:\\\/\\\/ese.energy\\\/wp-content\\\/uploads\\\/2021\\\/09\\\/Logo-WestCoast-Elettrical.png\",\"datePublished\":\"2021-07-29T09:57:33+00:00\",\"dateModified\":\"2025-04-08T14:21:02+00:00\",\"description\":\"Willkommen in der Welt der Innovation im Dienste der Energieeffizienz. ESE ist ein Pionierunternehmen im Energiesektor, das sich auf die Herstellung von\",\"breadcrumb\":{\"@id\":\"https:\\\/\\\/ese.energy\\\/de\\\/chi-siamo\\\/#breadcrumb\"},\"inLanguage\":\"de\",\"potentialAction\":[{\"@type\":\"ReadAction\",\"target\":[\"https:\\\/\\\/ese.energy\\\/de\\\/chi-siamo\\\/\"]}]},{\"@type\":\"ImageObject\",\"inLanguage\":\"de\",\"@id\":\"https:\\\/\\\/ese.energy\\\/de\\\/chi-siamo\\\/#primaryimage\",\"url\":\"https:\\\/\\\/ese.energy\\\/wp-content\\\/uploads\\\/2021\\\/09\\\/Logo-WestCoast-Elettrical.png\",\"contentUrl\":\"https:\\\/\\\/ese.energy\\\/wp-content\\\/uploads\\\/2021\\\/09\\\/Logo-WestCoast-Elettrical.png\",\"width\":1250,\"height\":1250},{\"@type\":\"BreadcrumbList\",\"@id\":\"https:\\\/\\\/ese.energy\\\/de\\\/chi-siamo\\\/#breadcrumb\",\"itemListElement\":[{\"@type\":\"ListItem\",\"position\":1,\"name\":\"Home\",\"item\":\"https:\\\/\\\/ese.energy\\\/de\\\/\"},{\"@type\":\"ListItem\",\"position\":2,\"name\":\"\u00dcber uns\"}]},{\"@type\":\"WebSite\",\"@id\":\"https:\\\/\\\/ese.energy\\\/de\\\/#website\",\"url\":\"https:\\\/\\\/ese.energy\\\/de\\\/\",\"name\":\"ESE\",\"description\":\"Efficiency, Saving, Environment\",\"potentialAction\":[{\"@type\":\"SearchAction\",\"target\":{\"@type\":\"EntryPoint\",\"urlTemplate\":\"https:\\\/\\\/ese.energy\\\/de\\\/?s={search_term_string}\"},\"query-input\":{\"@type\":\"PropertyValueSpecification\",\"valueRequired\":true,\"valueName\":\"search_term_string\"}}],\"inLanguage\":\"de\"}]}<\/script>\n<!-- \/ Yoast SEO plugin. -->","yoast_head_json":{"title":"\u00dcber uns - ESE","description":"Willkommen in der Welt der Innovation im Dienste der Energieeffizienz. ESE ist ein Pionierunternehmen im Energiesektor, das sich auf die Herstellung von","robots":{"index":"index","follow":"follow","max-snippet":"max-snippet:-1","max-image-preview":"max-image-preview:large","max-video-preview":"max-video-preview:-1"},"canonical":"https:\/\/ese.energy\/de\/chi-siamo\/","og_locale":"de_DE","og_type":"article","og_title":"\u00dcber uns - ESE","og_description":"Willkommen in der Welt der Innovation im Dienste der Energieeffizienz. ESE ist ein Pionierunternehmen im Energiesektor, das sich auf die Herstellung von","og_url":"https:\/\/ese.energy\/de\/chi-siamo\/","og_site_name":"ESE","article_modified_time":"2025-04-08T14:21:02+00:00","og_image":[{"width":1250,"height":1250,"url":"https:\/\/ese.energy\/wp-content\/uploads\/2021\/09\/Logo-WestCoast-Elettrical.png","type":"image\/png"}],"twitter_card":"summary_large_image","twitter_misc":{"Gesch\u00e4tzte Lesezeit":"3\u00a0Minuten"},"schema":{"@context":"https:\/\/schema.org","@graph":[{"@type":["WebPage","AboutPage"],"@id":"https:\/\/ese.energy\/de\/chi-siamo\/","url":"https:\/\/ese.energy\/de\/chi-siamo\/","name":"\u00dcber uns - ESE","isPartOf":{"@id":"https:\/\/ese.energy\/de\/#website"},"primaryImageOfPage":{"@id":"https:\/\/ese.energy\/de\/chi-siamo\/#primaryimage"},"image":{"@id":"https:\/\/ese.energy\/de\/chi-siamo\/#primaryimage"},"thumbnailUrl":"https:\/\/ese.energy\/wp-content\/uploads\/2021\/09\/Logo-WestCoast-Elettrical.png","datePublished":"2021-07-29T09:57:33+00:00","dateModified":"2025-04-08T14:21:02+00:00","description":"Willkommen in der Welt der Innovation im Dienste der Energieeffizienz. ESE ist ein Pionierunternehmen im Energiesektor, das sich auf die Herstellung von","breadcrumb":{"@id":"https:\/\/ese.energy\/de\/chi-siamo\/#breadcrumb"},"inLanguage":"de","potentialAction":[{"@type":"ReadAction","target":["https:\/\/ese.energy\/de\/chi-siamo\/"]}]},{"@type":"ImageObject","inLanguage":"de","@id":"https:\/\/ese.energy\/de\/chi-siamo\/#primaryimage","url":"https:\/\/ese.energy\/wp-content\/uploads\/2021\/09\/Logo-WestCoast-Elettrical.png","contentUrl":"https:\/\/ese.energy\/wp-content\/uploads\/2021\/09\/Logo-WestCoast-Elettrical.png","width":1250,"height":1250},{"@type":"BreadcrumbList","@id":"https:\/\/ese.energy\/de\/chi-siamo\/#breadcrumb","itemListElement":[{"@type":"ListItem","position":1,"name":"Home","item":"https:\/\/ese.energy\/de\/"},{"@type":"ListItem","position":2,"name":"\u00dcber uns"}]},{"@type":"WebSite","@id":"https:\/\/ese.energy\/de\/#website","url":"https:\/\/ese.energy\/de\/","name":"ESE","description":"Efficiency, Saving, Environment","potentialAction":[{"@type":"SearchAction","target":{"@type":"EntryPoint","urlTemplate":"https:\/\/ese.energy\/de\/?s={search_term_string}"},"query-input":{"@type":"PropertyValueSpecification","valueRequired":true,"valueName":"search_term_string"}}],"inLanguage":"de"}]}},"uagb_featured_image_src":{"full":["https:\/\/ese.energy\/wp-content\/uploads\/2021\/09\/Logo-WestCoast-Elettrical.png",1250,1250,false],"thumbnail":["https:\/\/ese.energy\/wp-content\/uploads\/2021\/09\/Logo-WestCoast-Elettrical-150x150.png",150,150,true],"medium":["https:\/\/ese.energy\/wp-content\/uploads\/2021\/09\/Logo-WestCoast-Elettrical-300x300.png",300,300,true],"medium_large":["https:\/\/ese.energy\/wp-content\/uploads\/2021\/09\/Logo-WestCoast-Elettrical-768x768.png",768,768,true],"large":["https:\/\/ese.energy\/wp-content\/uploads\/2021\/09\/Logo-WestCoast-Elettrical-1024x1024.png",1024,1024,true],"gs-tiny":["https:\/\/ese.energy\/wp-content\/uploads\/2021\/09\/Logo-WestCoast-Elettrical.png",50,50,false],"xl":["https:\/\/ese.energy\/wp-content\/uploads\/2021\/09\/Logo-WestCoast-Elettrical.png",1250,1250,false],"xxl":["https:\/\/ese.energy\/wp-content\/uploads\/2021\/09\/Logo-WestCoast-Elettrical.png",1250,1250,false],"xxxl":["https:\/\/ese.energy\/wp-content\/uploads\/2021\/09\/Logo-WestCoast-Elettrical.png",1250,1250,false],"xxxxl":["https:\/\/ese.energy\/wp-content\/uploads\/2021\/09\/Logo-WestCoast-Elettrical.png",1250,1250,false],"xxxxxl":["https:\/\/ese.energy\/wp-content\/uploads\/2021\/09\/Logo-WestCoast-Elettrical.png",1250,1250,false],"1536x1536":["https:\/\/ese.energy\/wp-content\/uploads\/2021\/09\/Logo-WestCoast-Elettrical.png",1250,1250,false],"2048x2048":["https:\/\/ese.energy\/wp-content\/uploads\/2021\/09\/Logo-WestCoast-Elettrical.png",1250,1250,false],"post-thumbnail":["https:\/\/ese.energy\/wp-content\/uploads\/2021\/09\/Logo-WestCoast-Elettrical-820x490.png",820,490,true],"small-thumb":["https:\/\/ese.energy\/wp-content\/uploads\/2021\/09\/Logo-WestCoast-Elettrical-55x55.png",55,55,true],"square-thumb":["https:\/\/ese.energy\/wp-content\/uploads\/2021\/09\/Logo-WestCoast-Elettrical-250x250.png",250,250,true],"blog-masonry-thumb":["https:\/\/ese.energy\/wp-content\/uploads\/2021\/09\/Logo-WestCoast-Elettrical-580x390.png",580,390,true],"project-thumb":["https:\/\/ese.energy\/wp-content\/uploads\/2021\/09\/Logo-WestCoast-Elettrical-580x460.png",580,460,true],"project-masonry-thumb":["https:\/\/ese.energy\/wp-content\/uploads\/2021\/09\/Logo-WestCoast-Elettrical-580x580.png",580,580,true],"masonry-thumb":["https:\/\/ese.energy\/wp-content\/uploads\/2021\/09\/Logo-WestCoast-Elettrical-820x820.png",820,820,true],"full-thumb":["https:\/\/ese.energy\/wp-content\/uploads\/2021\/09\/Logo-WestCoast-Elettrical-1160x700.png",1160,700,true],"project-full-thumb":["https:\/\/ese.energy\/wp-content\/uploads\/2021\/09\/Logo-WestCoast-Elettrical-1160x920.png",1160,920,true],"full-masonry-thumb":["https:\/\/ese.energy\/wp-content\/uploads\/2021\/09\/Logo-WestCoast-Elettrical-1160x1160.png",1160,1160,true]},"uagb_author_info":{"display_name":"Mauro Fontanarosa","author_link":"https:\/\/ese.energy\/de\/author\/mauro\/"},"uagb_comment_info":0,"uagb_excerpt":"Willkommen in der Welt der Innovation im Dienste der Energieeffizienz. ESE ist ein Pionierunternehmen im Energiesektor, das sich auf die Herstellung von technologisch fortschrittlichen Ger\u00e4ten konzentriert, die das Energiemanagement in Unternehmen, Betrieben, Hotels, Food-Bereich und im Einzelhandelsketten ver\u00e4ndern. Dank seiner Marktstrategien, der Investitionen in Forschung und Entwicklung und der fruchtbaren Zusammenarbeit mit Universit\u00e4ten, darunter das...","_links":{"self":[{"href":"https:\/\/ese.energy\/de\/wp-json\/wp\/v2\/pages\/7003","targetHints":{"allow":["GET"]}}],"collection":[{"href":"https:\/\/ese.energy\/de\/wp-json\/wp\/v2\/pages"}],"about":[{"href":"https:\/\/ese.energy\/de\/wp-json\/wp\/v2\/types\/page"}],"author":[{"embeddable":true,"href":"https:\/\/ese.energy\/de\/wp-json\/wp\/v2\/users\/2"}],"replies":[{"embeddable":true,"href":"https:\/\/ese.energy\/de\/wp-json\/wp\/v2\/comments?post=7003"}],"version-history":[{"count":6,"href":"https:\/\/ese.energy\/de\/wp-json\/wp\/v2\/pages\/7003\/revisions"}],"predecessor-version":[{"id":10884,"href":"https:\/\/ese.energy\/de\/wp-json\/wp\/v2\/pages\/7003\/revisions\/10884"}],"wp:featuredmedia":[{"embeddable":true,"href":"https:\/\/ese.energy\/de\/wp-json\/wp\/v2\/media\/6959"}],"wp:attachment":[{"href":"https:\/\/ese.energy\/de\/wp-json\/wp\/v2\/media?parent=7003"}],"curies":[{"name":"wp","href":"https:\/\/api.w.org\/{rel}","templated":true}]}}