{"id":5443,"date":"2021-07-29T09:57:33","date_gmt":"2021-07-29T09:57:33","guid":{"rendered":"https:\/\/ese.energy\/?page_id=5443"},"modified":"2025-04-08T16:06:53","modified_gmt":"2025-04-08T14:06:53","slug":"chi-siamo","status":"publish","type":"page","link":"https:\/\/ese.energy\/es\/chi-siamo\/","title":{"rendered":"Qui\u00e9nes somos"},"content":{"rendered":"<style type=\"text\/css\"><\/style>\n<figure class=\"wp-block-image size-full is-resized\"><img loading=\"lazy\" decoding=\"async\" width=\"500\" height=\"273\" src=\"https:\/\/ese.energy\/wp-content\/uploads\/2023\/10\/Logo-Ese.png\" alt=\"\" class=\"wp-image-6422\" style=\"width:247px\" srcset=\"https:\/\/ese.energy\/wp-content\/uploads\/2023\/10\/Logo-Ese.png 500w, https:\/\/ese.energy\/wp-content\/uploads\/2023\/10\/Logo-Ese-300x164.png 300w\" sizes=\"auto, (max-width: 500px) 100vw, 500px\" \/><\/figure>\n\n\n\n<div style=\"height:40px\" aria-hidden=\"true\" class=\"wp-block-spacer\"><\/div>\n\n\n\n<p>Bienvenido al universo de la innovaci\u00f3n al servicio de la eficiencia energ\u00e9tica. ESE es una empresa pionera en el sector energ\u00e9tico, centrada en la producci\u00f3n de equipos tecnol\u00f3gicamente avanzados dise\u00f1ados para transformar la gesti\u00f3n de la energ\u00eda en empresas, comercios, hoteles, alimentaci\u00f3n y minoristas.<\/p>\n\n\n\n<p>Gracias a sus estrategias de mercado, sus inversiones en investigaci\u00f3n y desarrollo y su fruct\u00edfera cooperaci\u00f3n con universidades, entre ellas el <strong>CESMA <\/strong>(Centro de Servicios Metrol\u00f3gicos y Tecnol\u00f3gicos Avanzados) de la <strong>Universidad Federico II de N\u00e1poles<\/strong>, ESE figura entre las empresas m\u00e1s din\u00e1micas en cuanto a resultados e investigaci\u00f3n y desarrollo. ESE opera en toda Italia.<\/p>\n\n\n\n<div style=\"height:50px\" aria-hidden=\"true\" class=\"wp-block-spacer\"><\/div>\n\n\n\n<div class=\"wp-block-columns is-layout-flex wp-container-core-columns-is-layout-9d6595d7 wp-block-columns-is-layout-flex\">\n<div class=\"wp-block-column animated fadeInUp is-layout-flow wp-block-column-is-layout-flow\">\n<figure class=\"wp-block-image size-full is-resized\"><img loading=\"lazy\" decoding=\"async\" width=\"232\" height=\"234\" src=\"https:\/\/ese.energy\/wp-content\/uploads\/2021\/09\/valori_ese.webp\" alt=\"\" class=\"wp-image-2979\" style=\"width:150px\" srcset=\"https:\/\/ese.energy\/wp-content\/uploads\/2021\/09\/valori_ese.webp 232w, https:\/\/ese.energy\/wp-content\/uploads\/2021\/09\/valori_ese-150x150.webp 150w, https:\/\/ese.energy\/wp-content\/uploads\/2021\/09\/valori_ese-55x55.webp 55w\" sizes=\"auto, (max-width: 232px) 100vw, 232px\" \/><\/figure>\n\n\n\n<h3 class=\"wp-block-heading has-text-align-center bold-orange\" style=\"font-size:25px\">Valores<\/h3>\n\n\n\n<p class=\"has-text-align-left\">Un planeta que nos han prestado nuestros hijos, por eso nos comprometemos a <strong>reducir nuestro impacto medioambiental<\/strong> dise\u00f1ando y fabricando maquinaria que contribuya a <strong>reducir las emisiones de CO2<\/strong> y <strong>a optimizar los recursos energ\u00e9ticos<\/strong>.<\/p>\n<\/div>\n\n\n\n<div class=\"wp-block-column animated fadeInUp is-layout-flow wp-block-column-is-layout-flow\">\n<figure class=\"wp-block-image size-full is-resized\"><img loading=\"lazy\" decoding=\"async\" width=\"232\" height=\"234\" src=\"https:\/\/ese.energy\/wp-content\/uploads\/2021\/09\/vision-ese.webp\" alt=\"\" class=\"wp-image-2981\" style=\"width:150px\" srcset=\"https:\/\/ese.energy\/wp-content\/uploads\/2021\/09\/vision-ese.webp 232w, https:\/\/ese.energy\/wp-content\/uploads\/2021\/09\/vision-ese-150x150.webp 150w, https:\/\/ese.energy\/wp-content\/uploads\/2021\/09\/vision-ese-55x55.webp 55w\" sizes=\"auto, (max-width: 232px) 100vw, 232px\" \/><\/figure>\n\n\n\n<h3 class=\"wp-block-heading has-text-align-center bold-orange\" style=\"font-size:25px\">Vision<\/h3>\n\n\n\n<p class=\"has-text-align-left\">Imaginar un mundo en el que la energ\u00eda se gestione de forma inteligente, eficiente y respetuosa con el medio ambiente.<\/p>\n<\/div>\n\n\n\n<div class=\"wp-block-column animated fadeInUp is-layout-flow wp-block-column-is-layout-flow\">\n<figure class=\"wp-block-image size-full is-resized\"><img loading=\"lazy\" decoding=\"async\" width=\"232\" height=\"234\" src=\"https:\/\/ese.energy\/wp-content\/uploads\/2021\/09\/mission_ese-19.webp\" alt=\"\" class=\"wp-image-2980\" style=\"width:150px\" srcset=\"https:\/\/ese.energy\/wp-content\/uploads\/2021\/09\/mission_ese-19.webp 232w, https:\/\/ese.energy\/wp-content\/uploads\/2021\/09\/mission_ese-19-150x150.webp 150w, https:\/\/ese.energy\/wp-content\/uploads\/2021\/09\/mission_ese-19-55x55.webp 55w\" sizes=\"auto, (max-width: 232px) 100vw, 232px\" \/><\/figure>\n\n\n\n<h3 class=\"wp-block-heading has-text-align-center bold-orange\" style=\"font-size:25px\">Mission<\/h3>\n\n\n\n<p class=\"has-text-align-left\"><strong>Impulsar el cambio hacia<\/strong> un <strong>futuro energ\u00e9tico sostenible ofreciendo soluciones innovadoras<\/strong> y vanguardistas en el \u00e1mbito de la eficiencia energ\u00e9tica<\/p>\n<\/div>\n<\/div>\n\n\n\n<div style=\"height:20px\" aria-hidden=\"true\" class=\"wp-block-spacer\"><\/div>\n\n\n\n<div class=\"wp-block-cover alignfull is-light\"><span aria-hidden=\"true\" class=\"wp-block-cover__background has-background-dim-20 has-background-dim\"><\/span><img loading=\"lazy\" decoding=\"async\" width=\"1200\" height=\"675\" class=\"wp-block-cover__image-background wp-image-3072\" alt=\"\" src=\"https:\/\/ese.energy\/wp-content\/uploads\/2021\/09\/banner-chi-siamo-1.jpg\" data-object-fit=\"cover\" srcset=\"https:\/\/ese.energy\/wp-content\/uploads\/2021\/09\/banner-chi-siamo-1.jpg 1200w, https:\/\/ese.energy\/wp-content\/uploads\/2021\/09\/banner-chi-siamo-1-300x169.jpg 300w, https:\/\/ese.energy\/wp-content\/uploads\/2021\/09\/banner-chi-siamo-1-1024x576.jpg 1024w, https:\/\/ese.energy\/wp-content\/uploads\/2021\/09\/banner-chi-siamo-1-768x432.jpg 768w, https:\/\/ese.energy\/wp-content\/uploads\/2021\/09\/banner-chi-siamo-1-580x326.jpg 580w, https:\/\/ese.energy\/wp-content\/uploads\/2021\/09\/banner-chi-siamo-1-820x461.jpg 820w, https:\/\/ese.energy\/wp-content\/uploads\/2021\/09\/banner-chi-siamo-1-1160x653.jpg 1160w\" sizes=\"auto, (max-width: 1200px) 100vw, 1200px\" \/><div class=\"wp-block-cover__inner-container is-layout-flow wp-block-cover-is-layout-flow\">\n<div class=\"wp-block-buttons is-content-justification-center is-layout-flex wp-container-core-buttons-is-layout-16018d1d wp-block-buttons-is-layout-flex\">\n<div class=\"wp-block-button\"><a class=\"wp-block-button__link wp-element-button\" href=\"https:\/\/ese.energy\/wp-content\/uploads\/brochure\/brochure-spagnolo.pdf\" target=\"_blank\" rel=\"noreferrer noopener\">PRESENTACI\u00d3N ese<\/a><\/div>\n<\/div>\n<\/div><\/div>\n\n\n\n<div style=\"height:30px\" aria-hidden=\"true\" class=\"wp-block-spacer\"><\/div>\n\n\n\n<h2 class=\"wp-block-heading\" style=\"font-size:27px\">La clave del <span class=\"bold-orange\">\u00e9xito <\/span><\/h2>\n\n\n\n<p>La clave del \u00e9xito de <strong>ESE <\/strong>es su orientaci\u00f3n al cliente y su enfoque multidisciplinar, que se traduce en una oferta estructurada y en profundidad para identificar los derroches y las \u00e1reas de mejora, y con la identificaci\u00f3n de acciones prioritarias para aumentar la eficiencia de las capacidades utilizadas y, por tanto, el consumo de energ\u00eda.<\/p>\n\n\n\n<div style=\"height:20px\" aria-hidden=\"true\" class=\"wp-block-spacer\"><\/div>\n\n\n\n<div class=\"wp-block-columns is-layout-flex wp-container-core-columns-is-layout-9d6595d7 wp-block-columns-is-layout-flex\">\n<div class=\"wp-block-column is-layout-flow wp-block-column-is-layout-flow\">\n<h2 class=\"wp-block-heading\" style=\"font-size:27px\">Sectores de <span class=\"bold-orange\">especializaci\u00f3n <\/span><\/h2>\n\n\n\n<ul style=\"font-size:17px;font-family:'Poppins', sans-serif;color:#676767;\"><li>Sector industrial<\/li><li>Sector hotelero<\/li><li>Sector comercial<\/li><li>Sector de la artesan\u00eda<\/li><li>Sector residencial<\/li><li>Sector terciario<\/li><li>Organismos p\u00fablicos<br><\/li><\/ul>\n<\/div>\n\n\n\n<div class=\"wp-block-column is-layout-flow wp-block-column-is-layout-flow\">\n<h2 class=\"wp-block-heading\" style=\"font-size:27px\">Nuestros servicios<\/h2>\n\n\n\n<ul style=\"font-size:17px;font-family:'Poppins', sans-serif;color:#676767;\">\n  <li>Eficiencia energ\u00e9tica seg\u00fan UNI CEI EN ISO 50001:2018<\/li>\n  <li>Monitoreo de consumo seg\u00fan la directiva MID<\/li>\n  <li>Calidad de la energ\u00eda<\/li>\n  <li>Industria 5.0<\/li>\n  <li>Industria 4.0<\/li>\n  <li>UPS de litio<\/li>\n  <li>Generadores h\u00edbridos<\/li>\n  <li>Correctores de factor de potencia multietapa<\/li>\n  <li>Estabilizadores<\/li>\n  <li>Eficiencia el\u00e9ctrica<\/li>\n  <li>Eficiencia fotovoltaica<\/li>\n  <li>Software<\/li>\n  <li>Panel de control para iOS y Android<\/li>\n  <li>Optimizador de impedancia<\/li>\n  <li>Electr\u00f3nica de potencia<\/li>\n<\/ul>\n<\/div>\n<\/div>\n\n\n\n<div style=\"height:20px\" aria-hidden=\"true\" class=\"wp-block-spacer\"><\/div>\n\n\n\n<p><\/p>\n","protected":false},"excerpt":{"rendered":"<p>Bienvenido al universo de la innovaci\u00f3n al servicio de la eficiencia energ\u00e9tica. ESE es una empresa pionera en el sector energ\u00e9tico, centrada en la producci\u00f3n de equipos tecnol\u00f3gicamente avanzados dise\u00f1ados para transformar la gesti\u00f3n de la energ\u00eda en empresas, comercios, hoteles, alimentaci\u00f3n y minoristas. Gracias a sus estrategias de mercado, sus inversiones en investigaci\u00f3n y&#8230;<\/p>\n","protected":false},"author":2,"featured_media":4995,"parent":0,"menu_order":0,"comment_status":"closed","ping_status":"closed","template":"","meta":{"_uag_custom_page_level_css":"","_themeisle_gutenberg_block_has_review":false,"footnotes":""},"class_list":["post-5443","page","type-page","status-publish","has-post-thumbnail","hentry"],"yoast_head":"<!-- This site is optimized with the Yoast SEO plugin v27.4 - https:\/\/yoast.com\/product\/yoast-seo-wordpress\/ -->\n<title>Qui\u00e9nes somos - ESE<\/title>\n<meta name=\"description\" content=\"Bienvenido al universo de la innovaci\u00f3n al servicio de la eficiencia energ\u00e9tica. ESE es una empresa pionera en el sector energ\u00e9tico, centrada en la\" \/>\n<meta name=\"robots\" content=\"index, follow, max-snippet:-1, max-image-preview:large, max-video-preview:-1\" \/>\n<link rel=\"canonical\" href=\"https:\/\/ese.energy\/es\/chi-siamo\/\" \/>\n<meta property=\"og:locale\" content=\"es_ES\" \/>\n<meta property=\"og:type\" content=\"article\" \/>\n<meta property=\"og:title\" content=\"Qui\u00e9nes somos - ESE\" \/>\n<meta property=\"og:description\" content=\"Bienvenido al universo de la innovaci\u00f3n al servicio de la eficiencia energ\u00e9tica. ESE es una empresa pionera en el sector energ\u00e9tico, centrada en la\" \/>\n<meta property=\"og:url\" content=\"https:\/\/ese.energy\/es\/chi-siamo\/\" \/>\n<meta property=\"og:site_name\" content=\"ESE\" \/>\n<meta property=\"article:modified_time\" content=\"2025-04-08T14:06:53+00:00\" \/>\n<meta property=\"og:image\" content=\"https:\/\/ese.energy\/wp-content\/uploads\/2021\/09\/Logo-WestCoast-Elettrical.png\" \/>\n\t<meta property=\"og:image:width\" content=\"1250\" \/>\n\t<meta property=\"og:image:height\" content=\"1250\" \/>\n\t<meta property=\"og:image:type\" content=\"image\/png\" \/>\n<meta name=\"twitter:card\" content=\"summary_large_image\" \/>\n<meta name=\"twitter:label1\" content=\"Tiempo de lectura\" \/>\n\t<meta name=\"twitter:data1\" content=\"3 minutos\" \/>\n<script type=\"application\/ld+json\" class=\"yoast-schema-graph\">{\"@context\":\"https:\\\/\\\/schema.org\",\"@graph\":[{\"@type\":[\"WebPage\",\"AboutPage\"],\"@id\":\"https:\\\/\\\/ese.energy\\\/es\\\/chi-siamo\\\/\",\"url\":\"https:\\\/\\\/ese.energy\\\/es\\\/chi-siamo\\\/\",\"name\":\"Qui\u00e9nes somos - ESE\",\"isPartOf\":{\"@id\":\"https:\\\/\\\/ese.energy\\\/es\\\/#website\"},\"primaryImageOfPage\":{\"@id\":\"https:\\\/\\\/ese.energy\\\/es\\\/chi-siamo\\\/#primaryimage\"},\"image\":{\"@id\":\"https:\\\/\\\/ese.energy\\\/es\\\/chi-siamo\\\/#primaryimage\"},\"thumbnailUrl\":\"https:\\\/\\\/ese.energy\\\/wp-content\\\/uploads\\\/2021\\\/09\\\/Logo-WestCoast-Elettrical.png\",\"datePublished\":\"2021-07-29T09:57:33+00:00\",\"dateModified\":\"2025-04-08T14:06:53+00:00\",\"description\":\"Bienvenido al universo de la innovaci\u00f3n al servicio de la eficiencia energ\u00e9tica. ESE es una empresa pionera en el sector energ\u00e9tico, centrada en la\",\"breadcrumb\":{\"@id\":\"https:\\\/\\\/ese.energy\\\/es\\\/chi-siamo\\\/#breadcrumb\"},\"inLanguage\":\"es\",\"potentialAction\":[{\"@type\":\"ReadAction\",\"target\":[\"https:\\\/\\\/ese.energy\\\/es\\\/chi-siamo\\\/\"]}]},{\"@type\":\"ImageObject\",\"inLanguage\":\"es\",\"@id\":\"https:\\\/\\\/ese.energy\\\/es\\\/chi-siamo\\\/#primaryimage\",\"url\":\"https:\\\/\\\/ese.energy\\\/wp-content\\\/uploads\\\/2021\\\/09\\\/Logo-WestCoast-Elettrical.png\",\"contentUrl\":\"https:\\\/\\\/ese.energy\\\/wp-content\\\/uploads\\\/2021\\\/09\\\/Logo-WestCoast-Elettrical.png\",\"width\":1250,\"height\":1250},{\"@type\":\"BreadcrumbList\",\"@id\":\"https:\\\/\\\/ese.energy\\\/es\\\/chi-siamo\\\/#breadcrumb\",\"itemListElement\":[{\"@type\":\"ListItem\",\"position\":1,\"name\":\"Home\",\"item\":\"https:\\\/\\\/ese.energy\\\/es\\\/\"},{\"@type\":\"ListItem\",\"position\":2,\"name\":\"Qui\u00e9nes somos\"}]},{\"@type\":\"WebSite\",\"@id\":\"https:\\\/\\\/ese.energy\\\/es\\\/#website\",\"url\":\"https:\\\/\\\/ese.energy\\\/es\\\/\",\"name\":\"ESE\",\"description\":\"Efficiency, Saving, Environment\",\"potentialAction\":[{\"@type\":\"SearchAction\",\"target\":{\"@type\":\"EntryPoint\",\"urlTemplate\":\"https:\\\/\\\/ese.energy\\\/es\\\/?s={search_term_string}\"},\"query-input\":{\"@type\":\"PropertyValueSpecification\",\"valueRequired\":true,\"valueName\":\"search_term_string\"}}],\"inLanguage\":\"es\"}]}<\/script>\n<!-- \/ Yoast SEO plugin. -->","yoast_head_json":{"title":"Qui\u00e9nes somos - ESE","description":"Bienvenido al universo de la innovaci\u00f3n al servicio de la eficiencia energ\u00e9tica. ESE es una empresa pionera en el sector energ\u00e9tico, centrada en la","robots":{"index":"index","follow":"follow","max-snippet":"max-snippet:-1","max-image-preview":"max-image-preview:large","max-video-preview":"max-video-preview:-1"},"canonical":"https:\/\/ese.energy\/es\/chi-siamo\/","og_locale":"es_ES","og_type":"article","og_title":"Qui\u00e9nes somos - ESE","og_description":"Bienvenido al universo de la innovaci\u00f3n al servicio de la eficiencia energ\u00e9tica. ESE es una empresa pionera en el sector energ\u00e9tico, centrada en la","og_url":"https:\/\/ese.energy\/es\/chi-siamo\/","og_site_name":"ESE","article_modified_time":"2025-04-08T14:06:53+00:00","og_image":[{"width":1250,"height":1250,"url":"https:\/\/ese.energy\/wp-content\/uploads\/2021\/09\/Logo-WestCoast-Elettrical.png","type":"image\/png"}],"twitter_card":"summary_large_image","twitter_misc":{"Tiempo de lectura":"3 minutos"},"schema":{"@context":"https:\/\/schema.org","@graph":[{"@type":["WebPage","AboutPage"],"@id":"https:\/\/ese.energy\/es\/chi-siamo\/","url":"https:\/\/ese.energy\/es\/chi-siamo\/","name":"Qui\u00e9nes somos - ESE","isPartOf":{"@id":"https:\/\/ese.energy\/es\/#website"},"primaryImageOfPage":{"@id":"https:\/\/ese.energy\/es\/chi-siamo\/#primaryimage"},"image":{"@id":"https:\/\/ese.energy\/es\/chi-siamo\/#primaryimage"},"thumbnailUrl":"https:\/\/ese.energy\/wp-content\/uploads\/2021\/09\/Logo-WestCoast-Elettrical.png","datePublished":"2021-07-29T09:57:33+00:00","dateModified":"2025-04-08T14:06:53+00:00","description":"Bienvenido al universo de la innovaci\u00f3n al servicio de la eficiencia energ\u00e9tica. ESE es una empresa pionera en el sector energ\u00e9tico, centrada en la","breadcrumb":{"@id":"https:\/\/ese.energy\/es\/chi-siamo\/#breadcrumb"},"inLanguage":"es","potentialAction":[{"@type":"ReadAction","target":["https:\/\/ese.energy\/es\/chi-siamo\/"]}]},{"@type":"ImageObject","inLanguage":"es","@id":"https:\/\/ese.energy\/es\/chi-siamo\/#primaryimage","url":"https:\/\/ese.energy\/wp-content\/uploads\/2021\/09\/Logo-WestCoast-Elettrical.png","contentUrl":"https:\/\/ese.energy\/wp-content\/uploads\/2021\/09\/Logo-WestCoast-Elettrical.png","width":1250,"height":1250},{"@type":"BreadcrumbList","@id":"https:\/\/ese.energy\/es\/chi-siamo\/#breadcrumb","itemListElement":[{"@type":"ListItem","position":1,"name":"Home","item":"https:\/\/ese.energy\/es\/"},{"@type":"ListItem","position":2,"name":"Qui\u00e9nes somos"}]},{"@type":"WebSite","@id":"https:\/\/ese.energy\/es\/#website","url":"https:\/\/ese.energy\/es\/","name":"ESE","description":"Efficiency, Saving, Environment","potentialAction":[{"@type":"SearchAction","target":{"@type":"EntryPoint","urlTemplate":"https:\/\/ese.energy\/es\/?s={search_term_string}"},"query-input":{"@type":"PropertyValueSpecification","valueRequired":true,"valueName":"search_term_string"}}],"inLanguage":"es"}]}},"uagb_featured_image_src":{"full":["https:\/\/ese.energy\/wp-content\/uploads\/2021\/09\/Logo-WestCoast-Elettrical.png",1250,1250,false],"thumbnail":["https:\/\/ese.energy\/wp-content\/uploads\/2021\/09\/Logo-WestCoast-Elettrical-150x150.png",150,150,true],"medium":["https:\/\/ese.energy\/wp-content\/uploads\/2021\/09\/Logo-WestCoast-Elettrical-300x300.png",300,300,true],"medium_large":["https:\/\/ese.energy\/wp-content\/uploads\/2021\/09\/Logo-WestCoast-Elettrical-768x768.png",768,768,true],"large":["https:\/\/ese.energy\/wp-content\/uploads\/2021\/09\/Logo-WestCoast-Elettrical-1024x1024.png",1024,1024,true],"gs-tiny":["https:\/\/ese.energy\/wp-content\/uploads\/2021\/09\/Logo-WestCoast-Elettrical.png",50,50,false],"xl":["https:\/\/ese.energy\/wp-content\/uploads\/2021\/09\/Logo-WestCoast-Elettrical.png",1250,1250,false],"xxl":["https:\/\/ese.energy\/wp-content\/uploads\/2021\/09\/Logo-WestCoast-Elettrical.png",1250,1250,false],"xxxl":["https:\/\/ese.energy\/wp-content\/uploads\/2021\/09\/Logo-WestCoast-Elettrical.png",1250,1250,false],"xxxxl":["https:\/\/ese.energy\/wp-content\/uploads\/2021\/09\/Logo-WestCoast-Elettrical.png",1250,1250,false],"xxxxxl":["https:\/\/ese.energy\/wp-content\/uploads\/2021\/09\/Logo-WestCoast-Elettrical.png",1250,1250,false],"1536x1536":["https:\/\/ese.energy\/wp-content\/uploads\/2021\/09\/Logo-WestCoast-Elettrical.png",1250,1250,false],"2048x2048":["https:\/\/ese.energy\/wp-content\/uploads\/2021\/09\/Logo-WestCoast-Elettrical.png",1250,1250,false],"post-thumbnail":["https:\/\/ese.energy\/wp-content\/uploads\/2021\/09\/Logo-WestCoast-Elettrical-820x490.png",820,490,true],"small-thumb":["https:\/\/ese.energy\/wp-content\/uploads\/2021\/09\/Logo-WestCoast-Elettrical-55x55.png",55,55,true],"square-thumb":["https:\/\/ese.energy\/wp-content\/uploads\/2021\/09\/Logo-WestCoast-Elettrical-250x250.png",250,250,true],"blog-masonry-thumb":["https:\/\/ese.energy\/wp-content\/uploads\/2021\/09\/Logo-WestCoast-Elettrical-580x390.png",580,390,true],"project-thumb":["https:\/\/ese.energy\/wp-content\/uploads\/2021\/09\/Logo-WestCoast-Elettrical-580x460.png",580,460,true],"project-masonry-thumb":["https:\/\/ese.energy\/wp-content\/uploads\/2021\/09\/Logo-WestCoast-Elettrical-580x580.png",580,580,true],"masonry-thumb":["https:\/\/ese.energy\/wp-content\/uploads\/2021\/09\/Logo-WestCoast-Elettrical-820x820.png",820,820,true],"full-thumb":["https:\/\/ese.energy\/wp-content\/uploads\/2021\/09\/Logo-WestCoast-Elettrical-1160x700.png",1160,700,true],"project-full-thumb":["https:\/\/ese.energy\/wp-content\/uploads\/2021\/09\/Logo-WestCoast-Elettrical-1160x920.png",1160,920,true],"full-masonry-thumb":["https:\/\/ese.energy\/wp-content\/uploads\/2021\/09\/Logo-WestCoast-Elettrical-1160x1160.png",1160,1160,true]},"uagb_author_info":{"display_name":"Mauro Fontanarosa","author_link":"https:\/\/ese.energy\/es\/author\/mauro\/"},"uagb_comment_info":0,"uagb_excerpt":"Bienvenido al universo de la innovaci\u00f3n al servicio de la eficiencia energ\u00e9tica. ESE es una empresa pionera en el sector energ\u00e9tico, centrada en la producci\u00f3n de equipos tecnol\u00f3gicamente avanzados dise\u00f1ados para transformar la gesti\u00f3n de la energ\u00eda en empresas, comercios, hoteles, alimentaci\u00f3n y minoristas. Gracias a sus estrategias de mercado, sus inversiones en investigaci\u00f3n y...","_links":{"self":[{"href":"https:\/\/ese.energy\/es\/wp-json\/wp\/v2\/pages\/5443","targetHints":{"allow":["GET"]}}],"collection":[{"href":"https:\/\/ese.energy\/es\/wp-json\/wp\/v2\/pages"}],"about":[{"href":"https:\/\/ese.energy\/es\/wp-json\/wp\/v2\/types\/page"}],"author":[{"embeddable":true,"href":"https:\/\/ese.energy\/es\/wp-json\/wp\/v2\/users\/2"}],"replies":[{"embeddable":true,"href":"https:\/\/ese.energy\/es\/wp-json\/wp\/v2\/comments?post=5443"}],"version-history":[{"count":12,"href":"https:\/\/ese.energy\/es\/wp-json\/wp\/v2\/pages\/5443\/revisions"}],"predecessor-version":[{"id":10864,"href":"https:\/\/ese.energy\/es\/wp-json\/wp\/v2\/pages\/5443\/revisions\/10864"}],"wp:featuredmedia":[{"embeddable":true,"href":"https:\/\/ese.energy\/es\/wp-json\/wp\/v2\/media\/4995"}],"wp:attachment":[{"href":"https:\/\/ese.energy\/es\/wp-json\/wp\/v2\/media?parent=5443"}],"curies":[{"name":"wp","href":"https:\/\/api.w.org\/{rel}","templated":true}]}}