{"id":5950,"date":"2023-03-21T10:53:02","date_gmt":"2023-03-21T08:53:02","guid":{"rendered":"https:\/\/ese.energy\/?page_id=5950"},"modified":"2026-02-27T13:22:12","modified_gmt":"2026-02-27T11:22:12","slug":"contacto","status":"publish","type":"page","link":"https:\/\/ese.energy\/es\/contacto\/","title":{"rendered":"Contacto"},"content":{"rendered":"<style type=\"text\/css\"><\/style>\n<div class=\"wp-block-columns is-layout-flex wp-container-core-columns-is-layout-9d6595d7 wp-block-columns-is-layout-flex\">\n<div class=\"wp-block-column is-layout-flow wp-block-column-is-layout-flow\">\n<div class=\"wp-block-group\"><div class=\"wp-block-group__inner-container is-layout-constrained wp-block-group-is-layout-constrained\">\n<h3 class=\"wp-block-heading\"><strong>Domicilio social<\/strong><\/h3>\n\n\n\n<p class=\"has-text-color\" style=\"color:#808080\">Corso Giuseppe Garibaldi 86<br>20121 &#8211; Milano Italy<br>P.IVA 089 99 15 09 67<\/p>\n\n\n\n<div style=\"height:20px\" aria-hidden=\"true\" class=\"wp-block-spacer\"><\/div>\n<\/div><\/div>\n\n\n\n<div class=\"wp-block-group\"><div class=\"wp-block-group__inner-container is-layout-constrained wp-block-group-is-layout-constrained\">\n<h3 class=\"wp-block-heading\"><strong>Sede administrativa<\/strong><\/h3>\n\n\n\n<p class=\"has-text-color\" style=\"color:#808080\">Via San Martino, 87 Q<br>82016 Montesarchio (BN) Italy<\/p>\n\n\n\n<div style=\"height:20px\" aria-hidden=\"true\" class=\"wp-block-spacer\"><\/div>\n<\/div><\/div>\n\n\n\n<div class=\"wp-block-group\"><div class=\"wp-block-group__inner-container is-layout-constrained wp-block-group-is-layout-constrained\">\n<h3 class=\"wp-block-heading\"><strong>Unidad de producci\u00f3n<\/strong><\/h3>\n\n\n\n<p class=\"has-text-color\" style=\"color:#808080\">Via Fontana Gorgona 38<br>03019 Supino Frosinone<\/p>\n\n\n\n<div style=\"height:20px\" aria-hidden=\"true\" class=\"wp-block-spacer\"><\/div>\n<\/div><\/div>\n\n\n\n<div class=\"wp-block-group\"><div class=\"wp-block-group__inner-container is-layout-constrained wp-block-group-is-layout-constrained\">\n<h3 class=\"wp-block-heading\"><strong>Unidad operativa<\/strong><\/h3>\n\n\n\n<p class=\"has-text-color\" style=\"color:#808080\">Via Sant\u2019Orsola 2<br>24122 Bergamo (BG)<\/p>\n\n\n\n<div style=\"height:20px\" aria-hidden=\"true\" class=\"wp-block-spacer\"><\/div>\n<\/div><\/div>\n\n\n\n<div class=\"wp-block-group\"><div class=\"wp-block-group__inner-container is-layout-constrained wp-block-group-is-layout-constrained\">\n<h3 class=\"wp-block-heading\"><strong>Contacto<\/strong><\/h3>\n\n\n\n<p><em>Lun &#8211; Vie: 9:00 &#8211; 13:00 \/ 15:30 &#8211; 18:30<\/em><\/p>\n\n\n\n<div style=\"height:10px\" aria-hidden=\"true\" class=\"wp-block-spacer\"><\/div>\n<\/div><\/div>\n\n\n\n<p class=\"has-text-color\" style=\"color:#808080\">+39 02 87 368 229<br>+39 02 87 368 222 (fax)<br>info@ese.energy<br>service@ese.energy<br>assistenza@ese.energy<\/p>\n<\/div>\n\n\n\n<div class=\"wp-block-column is-layout-flow wp-block-column-is-layout-flow\">\n<div class=\"wp-block-contact-form-7-contact-form-selector\">\n<div class=\"wpcf7 no-js\" id=\"wpcf7-f5955-o1\" lang=\"es-ES\" dir=\"ltr\" data-wpcf7-id=\"5955\">\n<div class=\"screen-reader-response\"><p role=\"status\" aria-live=\"polite\" aria-atomic=\"true\"><\/p> <ul><\/ul><\/div>\n<form action=\"\/es\/wp-json\/wp\/v2\/pages\/5950#wpcf7-f5955-o1\" method=\"post\" class=\"wpcf7-form init\" aria-label=\"Formulario de contacto\" novalidate=\"novalidate\" data-status=\"init\">\n<fieldset class=\"hidden-fields-container\"><input type=\"hidden\" name=\"_wpcf7\" value=\"5955\" \/><input type=\"hidden\" name=\"_wpcf7_version\" value=\"6.1.5\" \/><input type=\"hidden\" name=\"_wpcf7_locale\" value=\"es_ES\" \/><input type=\"hidden\" name=\"_wpcf7_unit_tag\" value=\"wpcf7-f5955-o1\" \/><input type=\"hidden\" name=\"_wpcf7_container_post\" value=\"0\" \/><input type=\"hidden\" name=\"_wpcf7_posted_data_hash\" value=\"\" \/><input type=\"hidden\" name=\"_wpcf7cf_hidden_group_fields\" value=\"[]\" \/><input type=\"hidden\" name=\"_wpcf7cf_hidden_groups\" value=\"[]\" \/><input type=\"hidden\" name=\"_wpcf7cf_visible_groups\" value=\"[]\" \/><input type=\"hidden\" name=\"_wpcf7cf_repeaters\" value=\"[]\" \/><input type=\"hidden\" name=\"_wpcf7cf_steps\" value=\"{}\" \/><input type=\"hidden\" name=\"_wpcf7cf_options\" value=\"{&quot;form_id&quot;:5955,&quot;conditions&quot;:[{&quot;then_field&quot;:&quot;informazioni&quot;,&quot;and_rules&quot;:[{&quot;if_field&quot;:&quot;argomento&quot;,&quot;operator&quot;:&quot;equals&quot;,&quot;if_value&quot;:&quot;Informaci\\u00f3n&quot;}]},{&quot;then_field&quot;:&quot;assistenza&quot;,&quot;and_rules&quot;:[{&quot;if_field&quot;:&quot;argomento&quot;,&quot;operator&quot;:&quot;equals&quot;,&quot;if_value&quot;:&quot;Asistencia&quot;}]},{&quot;then_field&quot;:&quot;submit-group&quot;,&quot;and_rules&quot;:[{&quot;if_field&quot;:&quot;-1&quot;,&quot;operator&quot;:&quot;not empty&quot;,&quot;if_value&quot;:&quot;&quot;}]},{&quot;then_field&quot;:&quot;text-start&quot;,&quot;and_rules&quot;:[{&quot;if_field&quot;:&quot;argomento&quot;,&quot;operator&quot;:&quot;is empty&quot;,&quot;if_value&quot;:&quot;&quot;}]},{&quot;then_field&quot;:&quot;text-informazioni&quot;,&quot;and_rules&quot;:[{&quot;if_field&quot;:&quot;argomento&quot;,&quot;operator&quot;:&quot;equals&quot;,&quot;if_value&quot;:&quot;Informaci\\u00f3n&quot;}]},{&quot;then_field&quot;:&quot;text-assistenza&quot;,&quot;and_rules&quot;:[{&quot;if_field&quot;:&quot;argomento&quot;,&quot;operator&quot;:&quot;equals&quot;,&quot;if_value&quot;:&quot;Asistencia&quot;}]}],&quot;settings&quot;:{&quot;animation&quot;:&quot;yes&quot;,&quot;animation_intime&quot;:200,&quot;animation_outtime&quot;:200,&quot;conditions_ui&quot;:&quot;normal&quot;,&quot;notice_dismissed&quot;:false,&quot;notice_dismissed_rollback-cf7-5.8.2&quot;:true,&quot;notice_dismissed_rollback-cf7-5.8.3&quot;:true,&quot;notice_dismissed_rollback-cf7-5.8.5&quot;:true,&quot;notice_dismissed_rollback-cf7-5.8.6&quot;:true,&quot;notice_dismissed_rollback-cf7-5.8.7&quot;:true,&quot;notice_dismissed_rollback-cf7-5.9.2&quot;:true,&quot;notice_dismissed_rollback-cf7-5.9.3&quot;:true,&quot;notice_dismissed_rollback-cf7-5.9.4&quot;:true,&quot;notice_dismissed_rollback-cf7-5.9.5&quot;:true,&quot;notice_dismissed_update-cf7-6.0&quot;:true,&quot;notice_dismissed_update-cf7-6.0.1&quot;:true,&quot;notice_dismissed_update-cf7-6.0.4&quot;:true,&quot;notice_dismissed_update-cf7-6.0.5&quot;:true,&quot;notice_dismissed_update-cf7-6.0.6&quot;:true,&quot;notice_dismissed_update-cf7-6.1&quot;:true}}\" \/>\n<\/fieldset>\n<div class=\"wpcf7-turnstile cf-turnstile\" data-sitekey=\"0x4AAAAAABji6teHGDeYgh4N\" data-response-field-name=\"_wpcf7_turnstile_response\"><\/div>\n\n<div class=\"form-container\">\n\t<h3><b>\u00bfEn qu\u00e9 podemos ayudarle?<\/b>\n\t<\/h3>\n\t<div data-id=\"text-start\" data-orig_data_id=\"text-start\" data-clear_on_hide class=\"\" data-class=\"wpcf7cf_group\">\n\t\t<p style=\"font-size:14px!important;\">Seleccione uno de los dos temas para rellenar el formulario de contacto.\n\t\t<\/p>\n\t<\/div>\n\t<div data-id=\"text-informazioni\" data-orig_data_id=\"text-informazioni\" data-clear_on_hide class=\"\" data-class=\"wpcf7cf_group\">\n\t\t<p style=\"font-size:14px!important;\">P\u00f3ngase en contacto con nosotros para obtener m\u00e1s informaci\u00f3n sobre nuestros servicios o solicitar un presupuesto adaptado a sus necesidades.<br \/>\nRellene el formulario y nuestro equipo se pondr\u00e1 en contacto con usted en breve.\n\t\t<\/p>\n\t<\/div>\n\t<div data-id=\"text-assistenza\" data-orig_data_id=\"text-assistenza\" data-clear_on_hide class=\"\" data-class=\"wpcf7cf_group\">\n\t\t<p style=\"font-size:14px!important;\">Si ya es cliente de ESE ENERGY y necesita asistencia t\u00e9cnica para un dispositivo ANT, rellene el formulario y el servicio t\u00e9cnico se pondr\u00e1 inmediatamente en contacto con usted.\n\t\t<\/p>\n\t<\/div>\n\t<p><span class=\"wpcf7-form-control-wrap\" data-name=\"argomento\"><select class=\"wpcf7-form-control wpcf7-select wpcf7-validates-as-required select\" aria-required=\"true\" aria-invalid=\"false\" name=\"argomento\"><option value=\"\">&#8212;Por favor, elige una opci\u00f3n&#8212;<\/option><option value=\"Informaci\u00f3n\">Informaci\u00f3n<\/option><option value=\"Asistencia\">Asistencia<\/option><\/select><\/span>\n\t<\/p>\n\t<div data-id=\"informazioni\" data-orig_data_id=\"informazioni\"  class=\"\" data-class=\"wpcf7cf_group\">\n\t\t<p><span class=\"wpcf7-form-control-wrap\" data-name=\"nome1\"><input size=\"40\" maxlength=\"400\" class=\"wpcf7-form-control wpcf7-text wpcf7-validates-as-required\" aria-required=\"true\" aria-invalid=\"false\" placeholder=\"Nombre*\" value=\"\" type=\"text\" name=\"nome1\" \/><\/span>\n\t\t<\/p>\n\t\t<p><span class=\"wpcf7-form-control-wrap\" data-name=\"email1\"><input size=\"40\" maxlength=\"400\" class=\"wpcf7-form-control wpcf7-email wpcf7-validates-as-required wpcf7-text wpcf7-validates-as-email\" aria-required=\"true\" aria-invalid=\"false\" placeholder=\"Correo electr\u00f3nico*\" value=\"\" type=\"email\" name=\"email1\" \/><\/span>\n\t\t<\/p>\n\t\t<p><span class=\"wpcf7-form-control-wrap\" data-name=\"tel1\"><input size=\"40\" maxlength=\"400\" class=\"wpcf7-form-control wpcf7-tel wpcf7-text wpcf7-validates-as-tel\" aria-invalid=\"false\" placeholder=\"Tel\u00e9fono m\u00f3vil\" value=\"\" type=\"tel\" name=\"tel1\" \/><\/span>\n\t\t<\/p>\n\t\t<p style=\"font-size:14px!important;\">Tema?\n\t\t<\/p>\n\t\t<p><span class=\"wpcf7-form-control-wrap\" data-name=\"info-prev\"><select class=\"wpcf7-form-control wpcf7-select wpcf7-validates-as-required\" aria-required=\"true\" aria-invalid=\"false\" name=\"info-prev\"><option value=\"\">&#8212;Por favor, elige una opci\u00f3n&#8212;<\/option><option value=\"Solicitud de informaci\u00f3n\">Solicitud de informaci\u00f3n<\/option><option value=\"Cita\">Cita<\/option><\/select><\/span>\n\t\t<\/p>\n\t\t<p><span class=\"wpcf7-form-control-wrap\" data-name=\"textarea1\"><textarea cols=\"40\" rows=\"10\" maxlength=\"2000\" class=\"wpcf7-form-control wpcf7-textarea wpcf7-validates-as-required\" aria-required=\"true\" aria-invalid=\"false\" placeholder=\"Escriba su mensaje*\" name=\"textarea1\"><\/textarea><\/span>\n\t\t<\/p>\n\t<\/div>\n\t<div data-id=\"assistenza\" data-orig_data_id=\"assistenza\" data-clear_on_hide class=\"\" data-class=\"wpcf7cf_group\">\n\t\t<p><a class=\"button-ticket\" target=\"_blank\" href=\"https:\/\/service.ese.energy\/apri-ticket\">Crear ticket<\/a>\n\t\t<\/p>\n\t<\/div>\n\t<div data-id=\"submit-group\" data-orig_data_id=\"submit-group\" data-clear_on_hide class=\"\" data-class=\"wpcf7cf_group\">\n\t\t<p><span class=\"wpcf7-form-control-wrap\" data-name=\"acceptance-59\"><span class=\"wpcf7-form-control wpcf7-acceptance optional\"><span class=\"wpcf7-list-item\"><label><input type=\"checkbox\" name=\"acceptance-59\" value=\"1\" aria-invalid=\"false\" \/><span class=\"wpcf7-list-item-label\">Acepto suscribirme al bolet\u00edn informativo de ESE Energy.<\/span><\/label><\/span><\/span><\/span><br \/>\n<span class=\"wpcf7-form-control-wrap\" data-name=\"acceptance-913\"><span class=\"wpcf7-form-control wpcf7-acceptance\"><span class=\"wpcf7-list-item\"><label><input type=\"checkbox\" name=\"acceptance-913\" value=\"1\" aria-invalid=\"false\" \/><span class=\"wpcf7-list-item-label\">Acepto el tratamiento de datos tal como se describe en el <a href=\"\/privacy-policy\/\" style=\"color:black; text-decoration:underline;font-family:'Poppins';\">pol\u00edtica de privacidad<\/a>.<\/span><\/label><\/span><\/span><\/span>\n\t\t<\/p>\n\t\t<p><input class=\"wpcf7-form-control wpcf7-submit has-spinner\" type=\"submit\" value=\"Enviar mensaje\" \/>\n\t\t<\/p>\n\t<\/div>\n<input class=\"wpcf7-form-control wpcf7-hidden\" value=\"\" type=\"hidden\" name=\"utm_campaign\" \/>\n<input class=\"wpcf7-form-control wpcf7-hidden\" value=\"\" type=\"hidden\" name=\"utm_medium\" \/>\n<input class=\"wpcf7-form-control wpcf7-hidden\" value=\"\" type=\"hidden\" name=\"u_focus\" \/>\n<input class=\"wpcf7-form-control wpcf7-hidden\" value=\"\" type=\"hidden\" name=\"utm_source\" \/>\n<input class=\"wpcf7-form-control wpcf7-hidden\" value=\"\" type=\"hidden\" name=\"u_net\" \/>\n<input class=\"wpcf7-form-control wpcf7-hidden\" value=\"\" type=\"hidden\" name=\"u_dev\" \/>\n<input class=\"wpcf7-form-control wpcf7-hidden\" value=\"\" type=\"hidden\" name=\"u_devm\" \/>\n<input class=\"wpcf7-form-control wpcf7-hidden\" value=\"\" type=\"hidden\" name=\"u_cid\" \/>\n<input class=\"wpcf7-form-control wpcf7-hidden\" value=\"\" type=\"hidden\" name=\"u_agid\" \/>\n<input class=\"wpcf7-form-control wpcf7-hidden\" value=\"\" type=\"hidden\" name=\"u_creative\" \/>\n<input class=\"wpcf7-form-control wpcf7-hidden\" value=\"\" type=\"hidden\" name=\"u_adp\" \/>\n<input class=\"wpcf7-form-control wpcf7-hidden\" value=\"\" type=\"hidden\" name=\"u_eid\" \/>\n<input class=\"wpcf7-form-control wpcf7-hidden\" value=\"\" type=\"hidden\" name=\"u_placement\" \/>\n<input class=\"wpcf7-form-control wpcf7-hidden\" value=\"\" type=\"hidden\" name=\"u_loci\" \/>\n<input class=\"wpcf7-form-control wpcf7-hidden\" value=\"\" type=\"hidden\" name=\"u_locp\" \/>\n<input class=\"wpcf7-form-control wpcf7-hidden\" value=\"\" type=\"hidden\" name=\"u_matchtype\" \/>\n<input class=\"wpcf7-form-control wpcf7-hidden\" value=\"\" type=\"hidden\" name=\"utm_term\" \/>\n<input class=\"wpcf7-form-control wpcf7-hidden\" value=\"\" type=\"hidden\" name=\"gclid\" \/>\n<\/div><div class=\"wpcf7-response-output\" aria-hidden=\"true\"><\/div>\n<\/form>\n<\/div>\n<\/div>\n<\/div>\n<\/div>\n","protected":false},"excerpt":{"rendered":"<p>Domicilio social Corso Giuseppe Garibaldi 8620121 &#8211; Milano ItalyP.IVA 089 99 15 09 67 Sede administrativa Via San Martino, 87 Q82016 Montesarchio (BN) Italy Unidad de producci\u00f3n Via Fontana Gorgona 3803019 Supino Frosinone Unidad operativa Via Sant\u2019Orsola 224122 Bergamo (BG) Contacto Lun &#8211; Vie: 9:00 &#8211; 13:00 \/ 15:30 &#8211; 18:30 +39 02 87 368&#8230;<\/p>\n","protected":false},"author":1,"featured_media":0,"parent":0,"menu_order":0,"comment_status":"closed","ping_status":"closed","template":"","meta":{"_uag_custom_page_level_css":"","_themeisle_gutenberg_block_has_review":false,"footnotes":""},"class_list":["post-5950","page","type-page","status-publish","hentry"],"yoast_head":"<!-- This site is optimized with the Yoast SEO plugin v27.3 - https:\/\/yoast.com\/product\/yoast-seo-wordpress\/ -->\n<title>Contacto - ESE<\/title>\n<meta name=\"description\" content=\"Bienvenido a la p\u00e1gina de contacto del ESE. Aqu\u00ed encontrar\u00e1 toda la informaci\u00f3n necesaria para ponerse en contacto con nuestras oficinas y unidades de negocio, as\u00ed como para solicitar asistencia o informaci\u00f3n a trav\u00e9s del formulario de la p\u00e1gina. Estamos a su disposici\u00f3n para cualquier necesidad, \u00a1no dude en ponerse en contacto con nosotros!\" \/>\n<meta name=\"robots\" content=\"index, follow, max-snippet:-1, max-image-preview:large, max-video-preview:-1\" \/>\n<link rel=\"canonical\" href=\"https:\/\/ese.energy\/es\/contacto\/\" \/>\n<meta property=\"og:locale\" content=\"es_ES\" \/>\n<meta property=\"og:type\" content=\"article\" \/>\n<meta property=\"og:title\" content=\"Contacto - ESE\" \/>\n<meta property=\"og:description\" content=\"Bienvenido a la p\u00e1gina de contacto del ESE. Aqu\u00ed encontrar\u00e1 toda la informaci\u00f3n necesaria para ponerse en contacto con nuestras oficinas y unidades de negocio, as\u00ed como para solicitar asistencia o informaci\u00f3n a trav\u00e9s del formulario de la p\u00e1gina. Estamos a su disposici\u00f3n para cualquier necesidad, \u00a1no dude en ponerse en contacto con nosotros!\" \/>\n<meta property=\"og:url\" content=\"https:\/\/ese.energy\/es\/contacto\/\" \/>\n<meta property=\"og:site_name\" content=\"ESE\" \/>\n<meta property=\"article:modified_time\" content=\"2026-02-27T11:22:12+00:00\" \/>\n<meta property=\"og:image\" content=\"https:\/\/ese.energy\/wp-content\/uploads\/2025\/01\/Logo-Ese-Immagine-in-evidenza.jpg\" \/>\n\t<meta property=\"og:image:width\" content=\"638\" \/>\n\t<meta property=\"og:image:height\" content=\"638\" \/>\n\t<meta property=\"og:image:type\" content=\"image\/jpeg\" \/>\n<meta name=\"twitter:card\" content=\"summary_large_image\" \/>\n<meta name=\"twitter:label1\" content=\"Tiempo de lectura\" \/>\n\t<meta name=\"twitter:data1\" content=\"1 minuto\" \/>\n<script type=\"application\/ld+json\" class=\"yoast-schema-graph\">{\"@context\":\"https:\\\/\\\/schema.org\",\"@graph\":[{\"@type\":\"WebPage\",\"@id\":\"https:\\\/\\\/ese.energy\\\/es\\\/contacto\\\/\",\"url\":\"https:\\\/\\\/ese.energy\\\/es\\\/contacto\\\/\",\"name\":\"Contacto - ESE\",\"isPartOf\":{\"@id\":\"https:\\\/\\\/ese.energy\\\/es\\\/#website\"},\"datePublished\":\"2023-03-21T08:53:02+00:00\",\"dateModified\":\"2026-02-27T11:22:12+00:00\",\"description\":\"Bienvenido a la p\u00e1gina de contacto del ESE. Aqu\u00ed encontrar\u00e1 toda la informaci\u00f3n necesaria para ponerse en contacto con nuestras oficinas y unidades de negocio, as\u00ed como para solicitar asistencia o informaci\u00f3n a trav\u00e9s del formulario de la p\u00e1gina. Estamos a su disposici\u00f3n para cualquier necesidad, \u00a1no dude en ponerse en contacto con nosotros!\",\"breadcrumb\":{\"@id\":\"https:\\\/\\\/ese.energy\\\/es\\\/contacto\\\/#breadcrumb\"},\"inLanguage\":\"es\",\"potentialAction\":[{\"@type\":\"ReadAction\",\"target\":[\"https:\\\/\\\/ese.energy\\\/es\\\/contacto\\\/\"]}]},{\"@type\":\"BreadcrumbList\",\"@id\":\"https:\\\/\\\/ese.energy\\\/es\\\/contacto\\\/#breadcrumb\",\"itemListElement\":[{\"@type\":\"ListItem\",\"position\":1,\"name\":\"Home\",\"item\":\"https:\\\/\\\/ese.energy\\\/es\\\/\"},{\"@type\":\"ListItem\",\"position\":2,\"name\":\"Contacto\"}]},{\"@type\":\"WebSite\",\"@id\":\"https:\\\/\\\/ese.energy\\\/es\\\/#website\",\"url\":\"https:\\\/\\\/ese.energy\\\/es\\\/\",\"name\":\"ESE\",\"description\":\"Efficiency, Saving, Environment\",\"potentialAction\":[{\"@type\":\"SearchAction\",\"target\":{\"@type\":\"EntryPoint\",\"urlTemplate\":\"https:\\\/\\\/ese.energy\\\/es\\\/?s={search_term_string}\"},\"query-input\":{\"@type\":\"PropertyValueSpecification\",\"valueRequired\":true,\"valueName\":\"search_term_string\"}}],\"inLanguage\":\"es\"}]}<\/script>\n<!-- \/ Yoast SEO plugin. -->","yoast_head_json":{"title":"Contacto - ESE","description":"Bienvenido a la p\u00e1gina de contacto del ESE. Aqu\u00ed encontrar\u00e1 toda la informaci\u00f3n necesaria para ponerse en contacto con nuestras oficinas y unidades de negocio, as\u00ed como para solicitar asistencia o informaci\u00f3n a trav\u00e9s del formulario de la p\u00e1gina. Estamos a su disposici\u00f3n para cualquier necesidad, \u00a1no dude en ponerse en contacto con nosotros!","robots":{"index":"index","follow":"follow","max-snippet":"max-snippet:-1","max-image-preview":"max-image-preview:large","max-video-preview":"max-video-preview:-1"},"canonical":"https:\/\/ese.energy\/es\/contacto\/","og_locale":"es_ES","og_type":"article","og_title":"Contacto - ESE","og_description":"Bienvenido a la p\u00e1gina de contacto del ESE. Aqu\u00ed encontrar\u00e1 toda la informaci\u00f3n necesaria para ponerse en contacto con nuestras oficinas y unidades de negocio, as\u00ed como para solicitar asistencia o informaci\u00f3n a trav\u00e9s del formulario de la p\u00e1gina. Estamos a su disposici\u00f3n para cualquier necesidad, \u00a1no dude en ponerse en contacto con nosotros!","og_url":"https:\/\/ese.energy\/es\/contacto\/","og_site_name":"ESE","article_modified_time":"2026-02-27T11:22:12+00:00","og_image":[{"width":638,"height":638,"url":"https:\/\/ese.energy\/wp-content\/uploads\/2025\/01\/Logo-Ese-Immagine-in-evidenza.jpg","type":"image\/jpeg"}],"twitter_card":"summary_large_image","twitter_misc":{"Tiempo de lectura":"1 minuto"},"schema":{"@context":"https:\/\/schema.org","@graph":[{"@type":"WebPage","@id":"https:\/\/ese.energy\/es\/contacto\/","url":"https:\/\/ese.energy\/es\/contacto\/","name":"Contacto - ESE","isPartOf":{"@id":"https:\/\/ese.energy\/es\/#website"},"datePublished":"2023-03-21T08:53:02+00:00","dateModified":"2026-02-27T11:22:12+00:00","description":"Bienvenido a la p\u00e1gina de contacto del ESE. Aqu\u00ed encontrar\u00e1 toda la informaci\u00f3n necesaria para ponerse en contacto con nuestras oficinas y unidades de negocio, as\u00ed como para solicitar asistencia o informaci\u00f3n a trav\u00e9s del formulario de la p\u00e1gina. Estamos a su disposici\u00f3n para cualquier necesidad, \u00a1no dude en ponerse en contacto con nosotros!","breadcrumb":{"@id":"https:\/\/ese.energy\/es\/contacto\/#breadcrumb"},"inLanguage":"es","potentialAction":[{"@type":"ReadAction","target":["https:\/\/ese.energy\/es\/contacto\/"]}]},{"@type":"BreadcrumbList","@id":"https:\/\/ese.energy\/es\/contacto\/#breadcrumb","itemListElement":[{"@type":"ListItem","position":1,"name":"Home","item":"https:\/\/ese.energy\/es\/"},{"@type":"ListItem","position":2,"name":"Contacto"}]},{"@type":"WebSite","@id":"https:\/\/ese.energy\/es\/#website","url":"https:\/\/ese.energy\/es\/","name":"ESE","description":"Efficiency, Saving, Environment","potentialAction":[{"@type":"SearchAction","target":{"@type":"EntryPoint","urlTemplate":"https:\/\/ese.energy\/es\/?s={search_term_string}"},"query-input":{"@type":"PropertyValueSpecification","valueRequired":true,"valueName":"search_term_string"}}],"inLanguage":"es"}]}},"uagb_featured_image_src":{"full":false,"thumbnail":false,"medium":false,"medium_large":false,"large":false,"gs-tiny":false,"xl":false,"xxl":false,"xxxl":false,"xxxxl":false,"xxxxxl":false,"1536x1536":false,"2048x2048":false,"post-thumbnail":false,"small-thumb":false,"square-thumb":false,"blog-masonry-thumb":false,"project-thumb":false,"project-masonry-thumb":false,"masonry-thumb":false,"full-thumb":false,"project-full-thumb":false,"full-masonry-thumb":false},"uagb_author_info":{"display_name":"admin","author_link":"https:\/\/ese.energy\/es\/author\/ese_admin\/"},"uagb_comment_info":0,"uagb_excerpt":"Domicilio social Corso Giuseppe Garibaldi 8620121 &#8211; Milano ItalyP.IVA 089 99 15 09 67 Sede administrativa Via San Martino, 87 Q82016 Montesarchio (BN) Italy Unidad de producci\u00f3n Via Fontana Gorgona 3803019 Supino Frosinone Unidad operativa Via Sant\u2019Orsola 224122 Bergamo (BG) Contacto Lun &#8211; Vie: 9:00 &#8211; 13:00 \/ 15:30 &#8211; 18:30 +39 02 87 368...","_links":{"self":[{"href":"https:\/\/ese.energy\/es\/wp-json\/wp\/v2\/pages\/5950","targetHints":{"allow":["GET"]}}],"collection":[{"href":"https:\/\/ese.energy\/es\/wp-json\/wp\/v2\/pages"}],"about":[{"href":"https:\/\/ese.energy\/es\/wp-json\/wp\/v2\/types\/page"}],"author":[{"embeddable":true,"href":"https:\/\/ese.energy\/es\/wp-json\/wp\/v2\/users\/1"}],"replies":[{"embeddable":true,"href":"https:\/\/ese.energy\/es\/wp-json\/wp\/v2\/comments?post=5950"}],"version-history":[{"count":4,"href":"https:\/\/ese.energy\/es\/wp-json\/wp\/v2\/pages\/5950\/revisions"}],"predecessor-version":[{"id":12223,"href":"https:\/\/ese.energy\/es\/wp-json\/wp\/v2\/pages\/5950\/revisions\/12223"}],"wp:attachment":[{"href":"https:\/\/ese.energy\/es\/wp-json\/wp\/v2\/media?parent=5950"}],"curies":[{"name":"wp","href":"https:\/\/api.w.org\/{rel}","templated":true}]}}