{"id":6998,"date":"2021-07-29T09:57:33","date_gmt":"2021-07-29T09:57:33","guid":{"rendered":"https:\/\/ese.energy\/chi-siamo\/"},"modified":"2025-04-08T16:18:18","modified_gmt":"2025-04-08T14:18:18","slug":"chi-siamo","status":"publish","type":"page","link":"https:\/\/ese.energy\/fr\/chi-siamo\/","title":{"rendered":"\u00c0 propos de nous"},"content":{"rendered":"<style type=\"text\/css\"><\/style>\n<figure class=\"wp-block-image size-full is-resized\"><img loading=\"lazy\" decoding=\"async\" width=\"500\" height=\"273\" src=\"https:\/\/ese.energy\/wp-content\/uploads\/2023\/10\/Logo-Ese.png\" alt=\"\" class=\"wp-image-6422\" style=\"width:247px\" srcset=\"https:\/\/ese.energy\/wp-content\/uploads\/2023\/10\/Logo-Ese.png 500w, https:\/\/ese.energy\/wp-content\/uploads\/2023\/10\/Logo-Ese-300x164.png 300w\" sizes=\"auto, (max-width: 500px) 100vw, 500px\" \/><\/figure>\n\n\n\n<div style=\"height:40px\" aria-hidden=\"true\" class=\"wp-block-spacer\"><\/div>\n\n\n\n<p>Bienvenue dans l&rsquo;univers de l&rsquo;innovation au service de l&rsquo;efficacit\u00e9 \u00e9nerg\u00e9tique. ESE est une entreprise \u00e0 l&rsquo;avant-garde dans le secteur de l&rsquo;\u00e9nergie, ax\u00e9e sur la production de machines technologiquement avanc\u00e9es con\u00e7ues pour transformer la gestion de l&rsquo;\u00e9nergie dans les entreprises, les activit\u00e9s commerciales, l&rsquo;h\u00f4tellerie, l&rsquo;alimentation et la grande distribution.<\/p>\n\n\n\n<p>Gr\u00e2ce \u00e0 ses strat\u00e9gies de march\u00e9, \u00e0 ses investissements dans la recherche et le d\u00e9veloppement et \u00e0 sa coop\u00e9ration fructueuse avec les universit\u00e9s, notamment le <strong>CESMA <\/strong>(Centre de services m\u00e9trologiques et technologiques avanc\u00e9s) de <strong>l&rsquo;Universit\u00e9 Federico II de Naples<\/strong>, ESE se classe parmi les entreprises les plus dynamiques en termes de r\u00e9sultats et de recherche et d\u00e9veloppement. <strong>ESE <\/strong>op\u00e8re dans toute l&rsquo;Italie.<\/p>\n\n\n\n<div style=\"height:50px\" aria-hidden=\"true\" class=\"wp-block-spacer\"><\/div>\n\n\n\n<div class=\"wp-block-columns is-layout-flex wp-container-core-columns-is-layout-9d6595d7 wp-block-columns-is-layout-flex\">\n<div class=\"wp-block-column animated fadeInUp is-layout-flow wp-block-column-is-layout-flow\">\n<figure class=\"wp-block-image size-full is-resized\"><img loading=\"lazy\" decoding=\"async\" width=\"232\" height=\"234\" src=\"https:\/\/ese.energy\/wp-content\/uploads\/2021\/09\/valori_ese.webp\" alt=\"\" class=\"wp-image-2979\" style=\"width:150px\" srcset=\"https:\/\/ese.energy\/wp-content\/uploads\/2021\/09\/valori_ese.webp 232w, https:\/\/ese.energy\/wp-content\/uploads\/2021\/09\/valori_ese-150x150.webp 150w, https:\/\/ese.energy\/wp-content\/uploads\/2021\/09\/valori_ese-55x55.webp 55w\" sizes=\"auto, (max-width: 232px) 100vw, 232px\" \/><\/figure>\n\n\n\n<h3 class=\"wp-block-heading has-text-align-center bold-orange\" style=\"font-size:25px\">Valeurs<\/h3>\n\n\n\n<p class=\"has-text-align-left\">Une plan\u00e8te qui nous a \u00e9t\u00e9 pr\u00eat\u00e9e par nos enfants, c&rsquo;est pourquoi nous nous engageons \u00e0 <strong>r\u00e9duire notre impact sur l&rsquo;environnement<\/strong> en concevant et en fabriquant des machines qui contribuent \u00e0 la <strong>r\u00e9duction des \u00e9missions de CO2 <\/strong>et \u00e0 <strong>l&rsquo;optimisation des ressources \u00e9nerg\u00e9tiques<\/strong>.<\/p>\n<\/div>\n\n\n\n<div class=\"wp-block-column animated fadeInUp is-layout-flow wp-block-column-is-layout-flow\">\n<figure class=\"wp-block-image size-full is-resized\"><img loading=\"lazy\" decoding=\"async\" width=\"232\" height=\"234\" src=\"https:\/\/ese.energy\/wp-content\/uploads\/2021\/09\/vision-ese.webp\" alt=\"\" class=\"wp-image-2981\" style=\"width:150px\" srcset=\"https:\/\/ese.energy\/wp-content\/uploads\/2021\/09\/vision-ese.webp 232w, https:\/\/ese.energy\/wp-content\/uploads\/2021\/09\/vision-ese-150x150.webp 150w, https:\/\/ese.energy\/wp-content\/uploads\/2021\/09\/vision-ese-55x55.webp 55w\" sizes=\"auto, (max-width: 232px) 100vw, 232px\" \/><\/figure>\n\n\n\n<h3 class=\"wp-block-heading has-text-align-center bold-orange\" style=\"font-size:25px\">Vision<\/h3>\n\n\n\n<p class=\"has-text-align-left\">Imaginer un monde o\u00f9 l&rsquo;\u00e9nergie est g\u00e9r\u00e9e avec sagesse, efficacit\u00e9 et dans le respect de l&rsquo;environnement.<\/p>\n<\/div>\n\n\n\n<div class=\"wp-block-column animated fadeInUp is-layout-flow wp-block-column-is-layout-flow\">\n<figure class=\"wp-block-image size-full is-resized\"><img loading=\"lazy\" decoding=\"async\" width=\"232\" height=\"234\" src=\"https:\/\/ese.energy\/wp-content\/uploads\/2021\/09\/mission_ese-19.webp\" alt=\"\" class=\"wp-image-2980\" style=\"width:150px\" srcset=\"https:\/\/ese.energy\/wp-content\/uploads\/2021\/09\/mission_ese-19.webp 232w, https:\/\/ese.energy\/wp-content\/uploads\/2021\/09\/mission_ese-19-150x150.webp 150w, https:\/\/ese.energy\/wp-content\/uploads\/2021\/09\/mission_ese-19-55x55.webp 55w\" sizes=\"auto, (max-width: 232px) 100vw, 232px\" \/><\/figure>\n\n\n\n<h3 class=\"wp-block-heading has-text-align-center bold-orange\" style=\"font-size:25px\">Mission<\/h3>\n\n\n\n<p class=\"has-text-align-left\"><strong>G\u00e9rer le changement<\/strong> pour un avenir \u00e9nerg\u00e9tique durable en <strong>proposant des solutions innovantes<\/strong> et de pointe dans le domaine de l&rsquo;efficacit\u00e9 \u00e9nerg\u00e9tique<\/p>\n<\/div>\n<\/div>\n\n\n\n<div style=\"height:20px\" aria-hidden=\"true\" class=\"wp-block-spacer\"><\/div>\n\n\n\n<div class=\"wp-block-cover alignfull is-light\"><span aria-hidden=\"true\" class=\"wp-block-cover__background has-background-dim-20 has-background-dim\"><\/span><img loading=\"lazy\" decoding=\"async\" width=\"1200\" height=\"675\" class=\"wp-block-cover__image-background wp-image-3072\" alt=\"\" src=\"https:\/\/ese.energy\/wp-content\/uploads\/2021\/09\/banner-chi-siamo-1.jpg\" data-object-fit=\"cover\" srcset=\"https:\/\/ese.energy\/wp-content\/uploads\/2021\/09\/banner-chi-siamo-1.jpg 1200w, https:\/\/ese.energy\/wp-content\/uploads\/2021\/09\/banner-chi-siamo-1-300x169.jpg 300w, https:\/\/ese.energy\/wp-content\/uploads\/2021\/09\/banner-chi-siamo-1-1024x576.jpg 1024w, https:\/\/ese.energy\/wp-content\/uploads\/2021\/09\/banner-chi-siamo-1-768x432.jpg 768w, https:\/\/ese.energy\/wp-content\/uploads\/2021\/09\/banner-chi-siamo-1-580x326.jpg 580w, https:\/\/ese.energy\/wp-content\/uploads\/2021\/09\/banner-chi-siamo-1-820x461.jpg 820w, https:\/\/ese.energy\/wp-content\/uploads\/2021\/09\/banner-chi-siamo-1-1160x653.jpg 1160w\" sizes=\"auto, (max-width: 1200px) 100vw, 1200px\" \/><div class=\"wp-block-cover__inner-container is-layout-flow wp-block-cover-is-layout-flow\">\n<div class=\"wp-block-buttons is-content-justification-center is-layout-flex wp-container-core-buttons-is-layout-16018d1d wp-block-buttons-is-layout-flex\">\n<div class=\"wp-block-button\"><a class=\"wp-block-button__link wp-element-button\" href=\"https:\/\/ese.energy\/wp-content\/uploads\/brochure\/brochure-francese.pdf\" target=\"_blank\" rel=\"noreferrer noopener\">PR\u00c9SENTATION DE LA SOCI\u00c9T\u00c9 ese<\/a><\/div>\n<\/div>\n<\/div><\/div>\n\n\n\n<div style=\"height:30px\" aria-hidden=\"true\" class=\"wp-block-spacer\"><\/div>\n\n\n\n<h2 class=\"wp-block-heading\" style=\"font-size:27px\">La cl\u00e9 du <span class=\"bold-orange\">success <\/span><\/h2>\n\n\n\n<p>La cl\u00e9 du succ\u00e8s de la soci\u00e9t\u00e9 <strong>ESE <\/strong>est son attention au client et son approche pluridisciplinaire, qui se traduit par une offre structur\u00e9e et approfondie pour identifier les gaspillages et les domaines d&rsquo;am\u00e9lioration, et par l&rsquo;identification d&rsquo;actions prioritaires pour augmenter l&rsquo;efficacit\u00e9 des capacit\u00e9s utilis\u00e9es et donc la consommation d&rsquo;\u00e9nergie<\/p>\n\n\n\n<div style=\"height:20px\" aria-hidden=\"true\" class=\"wp-block-spacer\"><\/div>\n\n\n\n<div class=\"wp-block-columns is-layout-flex wp-container-core-columns-is-layout-9d6595d7 wp-block-columns-is-layout-flex\">\n<div class=\"wp-block-column is-layout-flow wp-block-column-is-layout-flow\">\n<h2 class=\"wp-block-heading\" style=\"font-size:27px\">Secteurs de <span class=\"bold-orange\">sp\u00e9cialisation<\/span><\/h2>\n\n\n\n<ul style=\"font-size:17px;font-family:'Poppins', sans-serif;color:#676767;\"><li>Secteur industriel<\/li><li>Secteur h\u00f4telier<\/li><li>Secteur commercial<\/li><li>Secteur de l&rsquo;artisanat<\/li><li>Secteur r\u00e9sidentiel<\/li><li>Secteur tertiaire<\/li><li>Organismes publics<br><\/li><\/ul>\n<\/div>\n\n\n\n<div class=\"wp-block-column is-layout-flow wp-block-column-is-layout-flow\">\n<h2 class=\"wp-block-heading\" style=\"font-size:27px\">Nos services<\/h2>\n\n\n\n<ul style=\"font-size:17px;font-family:'Poppins', sans-serif;color:#676767;\">\n  <li>Efficacit\u00e9 \u00e9nerg\u00e9tique selon la norme UNI CEI EN ISO 50001:2018<\/li>\n  <li>Suivi de la consommation selon la directive MID<\/li>\n  <li>Qualit\u00e9 de l&rsquo;\u00e9lectricit\u00e9<\/li>\n  <li>Industrie 5.0<\/li>\n  <li>Industrie 4.0<\/li>\n  <li>Onduleur lithium (UPS)<\/li>\n  <li>G\u00e9n\u00e9rateurs hybrides<\/li>\n  <li>Correcteurs de facteur de puissance multistade<\/li>\n  <li>Stabilisateurs<\/li>\n  <li>Efficacit\u00e9 \u00e9lectrique<\/li>\n  <li>Efficacit\u00e9 photovolta\u00efque<\/li>\n  <li>Logiciel<\/li>\n  <li>Tableau de bord iOS et Android<\/li>\n  <li>Optimiseur d&rsquo;imp\u00e9dance<\/li>\n  <li>\u00c9lectronique de puissance<\/li>\n<\/ul>\n<\/div>\n<\/div>\n\n\n\n<div style=\"height:20px\" aria-hidden=\"true\" class=\"wp-block-spacer\"><\/div>\n\n\n\n<p><\/p>\n","protected":false},"excerpt":{"rendered":"<p>Bienvenue dans l&rsquo;univers de l&rsquo;innovation au service de l&rsquo;efficacit\u00e9 \u00e9nerg\u00e9tique. ESE est une entreprise \u00e0 l&rsquo;avant-garde dans le secteur de l&rsquo;\u00e9nergie, ax\u00e9e sur la production de machines technologiquement avanc\u00e9es con\u00e7ues pour transformer la gestion de l&rsquo;\u00e9nergie dans les entreprises, les activit\u00e9s commerciales, l&rsquo;h\u00f4tellerie, l&rsquo;alimentation et la grande distribution. Gr\u00e2ce \u00e0 ses strat\u00e9gies de march\u00e9, \u00e0&#8230;<\/p>\n","protected":false},"author":2,"featured_media":6978,"parent":0,"menu_order":0,"comment_status":"closed","ping_status":"closed","template":"","meta":{"_uag_custom_page_level_css":"","_themeisle_gutenberg_block_has_review":false,"footnotes":""},"class_list":["post-6998","page","type-page","status-publish","has-post-thumbnail","hentry"],"yoast_head":"<!-- This site is optimized with the Yoast SEO plugin v27.3 - https:\/\/yoast.com\/product\/yoast-seo-wordpress\/ -->\n<title>\u00c0 propos de nous - ESE<\/title>\n<meta name=\"description\" content=\"Bienvenue dans l&#039;univers de l&#039;innovation au service de l&#039;efficacit\u00e9 \u00e9nerg\u00e9tique. ESE est une entreprise \u00e0 l&#039;avant-garde dans le secteur de l&#039;\u00e9nergie, ax\u00e9e\" \/>\n<meta name=\"robots\" content=\"index, follow, max-snippet:-1, max-image-preview:large, max-video-preview:-1\" \/>\n<link rel=\"canonical\" href=\"https:\/\/ese.energy\/fr\/chi-siamo\/\" \/>\n<meta property=\"og:locale\" content=\"fr_FR\" \/>\n<meta property=\"og:type\" content=\"article\" \/>\n<meta property=\"og:title\" content=\"\u00c0 propos de nous - ESE\" \/>\n<meta property=\"og:description\" content=\"Bienvenue dans l&#039;univers de l&#039;innovation au service de l&#039;efficacit\u00e9 \u00e9nerg\u00e9tique. ESE est une entreprise \u00e0 l&#039;avant-garde dans le secteur de l&#039;\u00e9nergie, ax\u00e9e\" \/>\n<meta property=\"og:url\" content=\"https:\/\/ese.energy\/fr\/chi-siamo\/\" \/>\n<meta property=\"og:site_name\" content=\"ESE\" \/>\n<meta property=\"article:modified_time\" content=\"2025-04-08T14:18:18+00:00\" \/>\n<meta property=\"og:image\" content=\"https:\/\/ese.energy\/wp-content\/uploads\/2021\/09\/Logo-WestCoast-Elettrical.png\" \/>\n\t<meta property=\"og:image:width\" content=\"1250\" \/>\n\t<meta property=\"og:image:height\" content=\"1250\" \/>\n\t<meta property=\"og:image:type\" content=\"image\/png\" \/>\n<meta name=\"twitter:card\" content=\"summary_large_image\" \/>\n<meta name=\"twitter:label1\" content=\"Dur\u00e9e de lecture estim\u00e9e\" \/>\n\t<meta name=\"twitter:data1\" content=\"3 minutes\" \/>\n<script type=\"application\/ld+json\" class=\"yoast-schema-graph\">{\"@context\":\"https:\\\/\\\/schema.org\",\"@graph\":[{\"@type\":[\"WebPage\",\"AboutPage\"],\"@id\":\"https:\\\/\\\/ese.energy\\\/fr\\\/chi-siamo\\\/\",\"url\":\"https:\\\/\\\/ese.energy\\\/fr\\\/chi-siamo\\\/\",\"name\":\"\u00c0 propos de nous - ESE\",\"isPartOf\":{\"@id\":\"https:\\\/\\\/ese.energy\\\/fr\\\/#website\"},\"primaryImageOfPage\":{\"@id\":\"https:\\\/\\\/ese.energy\\\/fr\\\/chi-siamo\\\/#primaryimage\"},\"image\":{\"@id\":\"https:\\\/\\\/ese.energy\\\/fr\\\/chi-siamo\\\/#primaryimage\"},\"thumbnailUrl\":\"https:\\\/\\\/ese.energy\\\/wp-content\\\/uploads\\\/2021\\\/09\\\/Logo-WestCoast-Elettrical.png\",\"datePublished\":\"2021-07-29T09:57:33+00:00\",\"dateModified\":\"2025-04-08T14:18:18+00:00\",\"description\":\"Bienvenue dans l'univers de l'innovation au service de l'efficacit\u00e9 \u00e9nerg\u00e9tique. ESE est une entreprise \u00e0 l'avant-garde dans le secteur de l'\u00e9nergie, ax\u00e9e\",\"breadcrumb\":{\"@id\":\"https:\\\/\\\/ese.energy\\\/fr\\\/chi-siamo\\\/#breadcrumb\"},\"inLanguage\":\"fr-FR\",\"potentialAction\":[{\"@type\":\"ReadAction\",\"target\":[\"https:\\\/\\\/ese.energy\\\/fr\\\/chi-siamo\\\/\"]}]},{\"@type\":\"ImageObject\",\"inLanguage\":\"fr-FR\",\"@id\":\"https:\\\/\\\/ese.energy\\\/fr\\\/chi-siamo\\\/#primaryimage\",\"url\":\"https:\\\/\\\/ese.energy\\\/wp-content\\\/uploads\\\/2021\\\/09\\\/Logo-WestCoast-Elettrical.png\",\"contentUrl\":\"https:\\\/\\\/ese.energy\\\/wp-content\\\/uploads\\\/2021\\\/09\\\/Logo-WestCoast-Elettrical.png\",\"width\":1250,\"height\":1250},{\"@type\":\"BreadcrumbList\",\"@id\":\"https:\\\/\\\/ese.energy\\\/fr\\\/chi-siamo\\\/#breadcrumb\",\"itemListElement\":[{\"@type\":\"ListItem\",\"position\":1,\"name\":\"Home\",\"item\":\"https:\\\/\\\/ese.energy\\\/fr\\\/\"},{\"@type\":\"ListItem\",\"position\":2,\"name\":\"\u00c0 propos de nous\"}]},{\"@type\":\"WebSite\",\"@id\":\"https:\\\/\\\/ese.energy\\\/fr\\\/#website\",\"url\":\"https:\\\/\\\/ese.energy\\\/fr\\\/\",\"name\":\"ESE\",\"description\":\"Efficiency, Saving, Environment\",\"potentialAction\":[{\"@type\":\"SearchAction\",\"target\":{\"@type\":\"EntryPoint\",\"urlTemplate\":\"https:\\\/\\\/ese.energy\\\/fr\\\/?s={search_term_string}\"},\"query-input\":{\"@type\":\"PropertyValueSpecification\",\"valueRequired\":true,\"valueName\":\"search_term_string\"}}],\"inLanguage\":\"fr-FR\"}]}<\/script>\n<!-- \/ Yoast SEO plugin. -->","yoast_head_json":{"title":"\u00c0 propos de nous - ESE","description":"Bienvenue dans l'univers de l'innovation au service de l'efficacit\u00e9 \u00e9nerg\u00e9tique. ESE est une entreprise \u00e0 l'avant-garde dans le secteur de l'\u00e9nergie, ax\u00e9e","robots":{"index":"index","follow":"follow","max-snippet":"max-snippet:-1","max-image-preview":"max-image-preview:large","max-video-preview":"max-video-preview:-1"},"canonical":"https:\/\/ese.energy\/fr\/chi-siamo\/","og_locale":"fr_FR","og_type":"article","og_title":"\u00c0 propos de nous - ESE","og_description":"Bienvenue dans l'univers de l'innovation au service de l'efficacit\u00e9 \u00e9nerg\u00e9tique. ESE est une entreprise \u00e0 l'avant-garde dans le secteur de l'\u00e9nergie, ax\u00e9e","og_url":"https:\/\/ese.energy\/fr\/chi-siamo\/","og_site_name":"ESE","article_modified_time":"2025-04-08T14:18:18+00:00","og_image":[{"width":1250,"height":1250,"url":"https:\/\/ese.energy\/wp-content\/uploads\/2021\/09\/Logo-WestCoast-Elettrical.png","type":"image\/png"}],"twitter_card":"summary_large_image","twitter_misc":{"Dur\u00e9e de lecture estim\u00e9e":"3 minutes"},"schema":{"@context":"https:\/\/schema.org","@graph":[{"@type":["WebPage","AboutPage"],"@id":"https:\/\/ese.energy\/fr\/chi-siamo\/","url":"https:\/\/ese.energy\/fr\/chi-siamo\/","name":"\u00c0 propos de nous - ESE","isPartOf":{"@id":"https:\/\/ese.energy\/fr\/#website"},"primaryImageOfPage":{"@id":"https:\/\/ese.energy\/fr\/chi-siamo\/#primaryimage"},"image":{"@id":"https:\/\/ese.energy\/fr\/chi-siamo\/#primaryimage"},"thumbnailUrl":"https:\/\/ese.energy\/wp-content\/uploads\/2021\/09\/Logo-WestCoast-Elettrical.png","datePublished":"2021-07-29T09:57:33+00:00","dateModified":"2025-04-08T14:18:18+00:00","description":"Bienvenue dans l'univers de l'innovation au service de l'efficacit\u00e9 \u00e9nerg\u00e9tique. ESE est une entreprise \u00e0 l'avant-garde dans le secteur de l'\u00e9nergie, ax\u00e9e","breadcrumb":{"@id":"https:\/\/ese.energy\/fr\/chi-siamo\/#breadcrumb"},"inLanguage":"fr-FR","potentialAction":[{"@type":"ReadAction","target":["https:\/\/ese.energy\/fr\/chi-siamo\/"]}]},{"@type":"ImageObject","inLanguage":"fr-FR","@id":"https:\/\/ese.energy\/fr\/chi-siamo\/#primaryimage","url":"https:\/\/ese.energy\/wp-content\/uploads\/2021\/09\/Logo-WestCoast-Elettrical.png","contentUrl":"https:\/\/ese.energy\/wp-content\/uploads\/2021\/09\/Logo-WestCoast-Elettrical.png","width":1250,"height":1250},{"@type":"BreadcrumbList","@id":"https:\/\/ese.energy\/fr\/chi-siamo\/#breadcrumb","itemListElement":[{"@type":"ListItem","position":1,"name":"Home","item":"https:\/\/ese.energy\/fr\/"},{"@type":"ListItem","position":2,"name":"\u00c0 propos de nous"}]},{"@type":"WebSite","@id":"https:\/\/ese.energy\/fr\/#website","url":"https:\/\/ese.energy\/fr\/","name":"ESE","description":"Efficiency, Saving, Environment","potentialAction":[{"@type":"SearchAction","target":{"@type":"EntryPoint","urlTemplate":"https:\/\/ese.energy\/fr\/?s={search_term_string}"},"query-input":{"@type":"PropertyValueSpecification","valueRequired":true,"valueName":"search_term_string"}}],"inLanguage":"fr-FR"}]}},"uagb_featured_image_src":{"full":["https:\/\/ese.energy\/wp-content\/uploads\/2021\/09\/Logo-WestCoast-Elettrical.png",1250,1250,false],"thumbnail":["https:\/\/ese.energy\/wp-content\/uploads\/2021\/09\/Logo-WestCoast-Elettrical-150x150.png",150,150,true],"medium":["https:\/\/ese.energy\/wp-content\/uploads\/2021\/09\/Logo-WestCoast-Elettrical-300x300.png",300,300,true],"medium_large":["https:\/\/ese.energy\/wp-content\/uploads\/2021\/09\/Logo-WestCoast-Elettrical-768x768.png",768,768,true],"large":["https:\/\/ese.energy\/wp-content\/uploads\/2021\/09\/Logo-WestCoast-Elettrical-1024x1024.png",1024,1024,true],"gs-tiny":["https:\/\/ese.energy\/wp-content\/uploads\/2021\/09\/Logo-WestCoast-Elettrical.png",50,50,false],"xl":["https:\/\/ese.energy\/wp-content\/uploads\/2021\/09\/Logo-WestCoast-Elettrical.png",1250,1250,false],"xxl":["https:\/\/ese.energy\/wp-content\/uploads\/2021\/09\/Logo-WestCoast-Elettrical.png",1250,1250,false],"xxxl":["https:\/\/ese.energy\/wp-content\/uploads\/2021\/09\/Logo-WestCoast-Elettrical.png",1250,1250,false],"xxxxl":["https:\/\/ese.energy\/wp-content\/uploads\/2021\/09\/Logo-WestCoast-Elettrical.png",1250,1250,false],"xxxxxl":["https:\/\/ese.energy\/wp-content\/uploads\/2021\/09\/Logo-WestCoast-Elettrical.png",1250,1250,false],"1536x1536":["https:\/\/ese.energy\/wp-content\/uploads\/2021\/09\/Logo-WestCoast-Elettrical.png",1250,1250,false],"2048x2048":["https:\/\/ese.energy\/wp-content\/uploads\/2021\/09\/Logo-WestCoast-Elettrical.png",1250,1250,false],"post-thumbnail":["https:\/\/ese.energy\/wp-content\/uploads\/2021\/09\/Logo-WestCoast-Elettrical-820x490.png",820,490,true],"small-thumb":["https:\/\/ese.energy\/wp-content\/uploads\/2021\/09\/Logo-WestCoast-Elettrical-55x55.png",55,55,true],"square-thumb":["https:\/\/ese.energy\/wp-content\/uploads\/2021\/09\/Logo-WestCoast-Elettrical-250x250.png",250,250,true],"blog-masonry-thumb":["https:\/\/ese.energy\/wp-content\/uploads\/2021\/09\/Logo-WestCoast-Elettrical-580x390.png",580,390,true],"project-thumb":["https:\/\/ese.energy\/wp-content\/uploads\/2021\/09\/Logo-WestCoast-Elettrical-580x460.png",580,460,true],"project-masonry-thumb":["https:\/\/ese.energy\/wp-content\/uploads\/2021\/09\/Logo-WestCoast-Elettrical-580x580.png",580,580,true],"masonry-thumb":["https:\/\/ese.energy\/wp-content\/uploads\/2021\/09\/Logo-WestCoast-Elettrical-820x820.png",820,820,true],"full-thumb":["https:\/\/ese.energy\/wp-content\/uploads\/2021\/09\/Logo-WestCoast-Elettrical-1160x700.png",1160,700,true],"project-full-thumb":["https:\/\/ese.energy\/wp-content\/uploads\/2021\/09\/Logo-WestCoast-Elettrical-1160x920.png",1160,920,true],"full-masonry-thumb":["https:\/\/ese.energy\/wp-content\/uploads\/2021\/09\/Logo-WestCoast-Elettrical-1160x1160.png",1160,1160,true]},"uagb_author_info":{"display_name":"Mauro Fontanarosa","author_link":"https:\/\/ese.energy\/fr\/author\/mauro\/"},"uagb_comment_info":0,"uagb_excerpt":"Bienvenue dans l&rsquo;univers de l&rsquo;innovation au service de l&rsquo;efficacit\u00e9 \u00e9nerg\u00e9tique. ESE est une entreprise \u00e0 l&rsquo;avant-garde dans le secteur de l&rsquo;\u00e9nergie, ax\u00e9e sur la production de machines technologiquement avanc\u00e9es con\u00e7ues pour transformer la gestion de l&rsquo;\u00e9nergie dans les entreprises, les activit\u00e9s commerciales, l&rsquo;h\u00f4tellerie, l&rsquo;alimentation et la grande distribution. Gr\u00e2ce \u00e0 ses strat\u00e9gies de march\u00e9, \u00e0...","_links":{"self":[{"href":"https:\/\/ese.energy\/fr\/wp-json\/wp\/v2\/pages\/6998","targetHints":{"allow":["GET"]}}],"collection":[{"href":"https:\/\/ese.energy\/fr\/wp-json\/wp\/v2\/pages"}],"about":[{"href":"https:\/\/ese.energy\/fr\/wp-json\/wp\/v2\/types\/page"}],"author":[{"embeddable":true,"href":"https:\/\/ese.energy\/fr\/wp-json\/wp\/v2\/users\/2"}],"replies":[{"embeddable":true,"href":"https:\/\/ese.energy\/fr\/wp-json\/wp\/v2\/comments?post=6998"}],"version-history":[{"count":6,"href":"https:\/\/ese.energy\/fr\/wp-json\/wp\/v2\/pages\/6998\/revisions"}],"predecessor-version":[{"id":10879,"href":"https:\/\/ese.energy\/fr\/wp-json\/wp\/v2\/pages\/6998\/revisions\/10879"}],"wp:featuredmedia":[{"embeddable":true,"href":"https:\/\/ese.energy\/fr\/wp-json\/wp\/v2\/media\/6978"}],"wp:attachment":[{"href":"https:\/\/ese.energy\/fr\/wp-json\/wp\/v2\/media?parent=6998"}],"curies":[{"name":"wp","href":"https:\/\/api.w.org\/{rel}","templated":true}]}}