{"id":7465,"date":"2024-04-05T12:49:32","date_gmt":"2024-04-05T10:49:32","guid":{"rendered":"https:\/\/ese.energy\/?page_id=7465"},"modified":"2025-04-08T16:23:06","modified_gmt":"2025-04-08T14:23:06","slug":"sobre-nos","status":"publish","type":"page","link":"https:\/\/ese.energy\/pt-pt\/sobre-nos\/","title":{"rendered":"Sobre n\u00f3s"},"content":{"rendered":"<style type=\"text\/css\"><\/style>\n<figure class=\"wp-block-image size-full is-resized\"><img loading=\"lazy\" decoding=\"async\" width=\"500\" height=\"273\" src=\"https:\/\/ese.energy\/wp-content\/uploads\/2023\/10\/Logo-Ese.png\" alt=\"\" class=\"wp-image-6422\" style=\"width:247px\" srcset=\"https:\/\/ese.energy\/wp-content\/uploads\/2023\/10\/Logo-Ese.png 500w, https:\/\/ese.energy\/wp-content\/uploads\/2023\/10\/Logo-Ese-300x164.png 300w\" sizes=\"auto, (max-width: 500px) 100vw, 500px\" \/><\/figure>\n\n\n\n<div style=\"height:40px\" aria-hidden=\"true\" class=\"wp-block-spacer\"><\/div>\n\n\n\n<p>Bem-vindo ao universo da inova\u00e7\u00e3o ao servi\u00e7o do aumento da efici\u00eancia energ\u00e9tica. A ESE \u00e9 uma empresa pioneira no sector da energia, centrada na produ\u00e7\u00e3o de equipamentos tecnologicamente avan\u00e7ados concebidos para transformar a gest\u00e3o da energia em empresas, atividades comerciais, hot\u00e9is, alimenta\u00e7\u00e3o e grande distribui\u00e7\u00e3o.<\/p>\n\n\n\n<p>Gra\u00e7as \u00e0s suas estrat\u00e9gias de mercado, ao investimento em investiga\u00e7\u00e3o e desenvolvimento e \u00e0 frutuosa coopera\u00e7\u00e3o com as universidades, incluindo o CESMA (Centro de Servi\u00e7os Metrol\u00f3gicos e Tecnol\u00f3gicos Avan\u00e7ados) da <strong>Universidade Federico II<\/strong> de N\u00e1poles, a ESE est\u00e1 entre as empresas mais din\u00e2micas em termos de resultados e de investiga\u00e7\u00e3o e desenvolvimento. A ESE opera em toda a It\u00e1lia.<\/p>\n\n\n\n<div style=\"height:50px\" aria-hidden=\"true\" class=\"wp-block-spacer\"><\/div>\n\n\n\n<div class=\"wp-block-columns is-layout-flex wp-container-core-columns-is-layout-9d6595d7 wp-block-columns-is-layout-flex\">\n<div class=\"wp-block-column animated fadeInUp is-layout-flow wp-block-column-is-layout-flow\">\n<figure class=\"wp-block-image size-full is-resized\"><img loading=\"lazy\" decoding=\"async\" width=\"232\" height=\"234\" src=\"https:\/\/ese.energy\/wp-content\/uploads\/2021\/09\/valori_ese.webp\" alt=\"\" class=\"wp-image-2979\" style=\"width:150px\" srcset=\"https:\/\/ese.energy\/wp-content\/uploads\/2021\/09\/valori_ese.webp 232w, https:\/\/ese.energy\/wp-content\/uploads\/2021\/09\/valori_ese-150x150.webp 150w, https:\/\/ese.energy\/wp-content\/uploads\/2021\/09\/valori_ese-55x55.webp 55w\" sizes=\"auto, (max-width: 232px) 100vw, 232px\" \/><\/figure>\n\n\n\n<h3 class=\"wp-block-heading has-text-align-center bold-orange\" style=\"font-size:25px\">Valores<\/h3>\n\n\n\n<p>Um planeta que nos foi dado pelos nossos filhos, por isso estamos empenhados em <strong>reduzir o nosso impacto ambiental<\/strong>, concebendo e fabricando m\u00e1quinas que contribuem para a <strong>redu\u00e7\u00e3o das emiss\u00f5es de CO2 e para a otimiza\u00e7\u00e3o dos recursos energ\u00e9ticos<\/strong>.<\/p>\n<\/div>\n\n\n\n<div class=\"wp-block-column animated fadeInUp is-layout-flow wp-block-column-is-layout-flow\">\n<figure class=\"wp-block-image size-full is-resized\"><img loading=\"lazy\" decoding=\"async\" width=\"232\" height=\"234\" src=\"https:\/\/ese.energy\/wp-content\/uploads\/2021\/09\/vision-ese.webp\" alt=\"\" class=\"wp-image-2981\" style=\"width:150px\" srcset=\"https:\/\/ese.energy\/wp-content\/uploads\/2021\/09\/vision-ese.webp 232w, https:\/\/ese.energy\/wp-content\/uploads\/2021\/09\/vision-ese-150x150.webp 150w, https:\/\/ese.energy\/wp-content\/uploads\/2021\/09\/vision-ese-55x55.webp 55w\" sizes=\"auto, (max-width: 232px) 100vw, 232px\" \/><\/figure>\n\n\n\n<h3 class=\"wp-block-heading has-text-align-center bold-orange\" style=\"font-size:25px\">Vis\u00e3o<\/h3>\n\n\n\n<p class=\"has-text-align-left\">A imaginar um mundo onde a energia \u00e9 gerida de forma sensata, eficiente e ecologicamente compat\u00edvel.<\/p>\n<\/div>\n\n\n\n<div class=\"wp-block-column animated fadeInUp is-layout-flow wp-block-column-is-layout-flow\">\n<figure class=\"wp-block-image size-full is-resized\"><img loading=\"lazy\" decoding=\"async\" width=\"232\" height=\"234\" src=\"https:\/\/ese.energy\/wp-content\/uploads\/2021\/09\/mission_ese-19.webp\" alt=\"\" class=\"wp-image-2980\" style=\"width:150px\" srcset=\"https:\/\/ese.energy\/wp-content\/uploads\/2021\/09\/mission_ese-19.webp 232w, https:\/\/ese.energy\/wp-content\/uploads\/2021\/09\/mission_ese-19-150x150.webp 150w, https:\/\/ese.energy\/wp-content\/uploads\/2021\/09\/mission_ese-19-55x55.webp 55w\" sizes=\"auto, (max-width: 232px) 100vw, 232px\" \/><\/figure>\n\n\n\n<h3 class=\"wp-block-heading has-text-align-center bold-orange\" style=\"font-size:25px\">Miss\u00e3o<\/h3>\n\n\n\n<p class=\"has-text-align-left\"><strong>Promover a mudan\u00e7a para um futuro energ\u00e9tico sustent\u00e1vel<\/strong>, oferecendo solu\u00e7\u00f5es inovadoras e pioneiras no dom\u00ednio do aumento da efici\u00eancia energ\u00e9tica<\/p>\n<\/div>\n<\/div>\n\n\n\n<div style=\"height:20px\" aria-hidden=\"true\" class=\"wp-block-spacer\"><\/div>\n\n\n\n<div class=\"wp-block-cover alignfull is-light\"><span aria-hidden=\"true\" class=\"wp-block-cover__background has-background-dim-20 has-background-dim\"><\/span><img loading=\"lazy\" decoding=\"async\" width=\"1200\" height=\"675\" class=\"wp-block-cover__image-background wp-image-3072\" alt=\"\" src=\"https:\/\/ese.energy\/wp-content\/uploads\/2021\/09\/banner-chi-siamo-1.jpg\" data-object-fit=\"cover\" srcset=\"https:\/\/ese.energy\/wp-content\/uploads\/2021\/09\/banner-chi-siamo-1.jpg 1200w, https:\/\/ese.energy\/wp-content\/uploads\/2021\/09\/banner-chi-siamo-1-300x169.jpg 300w, https:\/\/ese.energy\/wp-content\/uploads\/2021\/09\/banner-chi-siamo-1-1024x576.jpg 1024w, https:\/\/ese.energy\/wp-content\/uploads\/2021\/09\/banner-chi-siamo-1-768x432.jpg 768w, https:\/\/ese.energy\/wp-content\/uploads\/2021\/09\/banner-chi-siamo-1-580x326.jpg 580w, https:\/\/ese.energy\/wp-content\/uploads\/2021\/09\/banner-chi-siamo-1-820x461.jpg 820w, https:\/\/ese.energy\/wp-content\/uploads\/2021\/09\/banner-chi-siamo-1-1160x653.jpg 1160w\" sizes=\"auto, (max-width: 1200px) 100vw, 1200px\" \/><div class=\"wp-block-cover__inner-container is-layout-flow wp-block-cover-is-layout-flow\">\n<div class=\"wp-block-buttons is-content-justification-center is-layout-flex wp-container-core-buttons-is-layout-16018d1d wp-block-buttons-is-layout-flex\">\n<div class=\"wp-block-button\"><a class=\"wp-block-button__link wp-element-button\" href=\"https:\/\/ese.energy\/wp-content\/uploads\/brochure\/brochure-portoghese.pdf\" target=\"_blank\" rel=\"noreferrer noopener\">APRESENTA\u00c7\u00c3O ESE<\/a><\/div>\n<\/div>\n<\/div><\/div>\n\n\n\n<div style=\"height:30px\" aria-hidden=\"true\" class=\"wp-block-spacer\"><\/div>\n\n\n\n<h2 class=\"wp-block-heading\" style=\"font-size:27px\">A chave para o sucesso<\/h2>\n\n\n\n<p>A chave para o sucesso da ESE \u00e9 a sua orienta\u00e7\u00e3o para o cliente e a sua abordagem multidisciplinar, que se traduz numa oferta estruturada e aprofundada para identificar desperd\u00edcios e \u00e1reas de melhoria e com a identifica\u00e7\u00e3o de a\u00e7\u00f5es priorit\u00e1rias para aumentar a efici\u00eancia das capacidades utilizadas e, por conseguinte, o consumo de energia.<\/p>\n\n\n\n<div style=\"height:20px\" aria-hidden=\"true\" class=\"wp-block-spacer\"><\/div>\n\n\n\n<div class=\"wp-block-columns is-layout-flex wp-container-core-columns-is-layout-9d6595d7 wp-block-columns-is-layout-flex\">\n<div class=\"wp-block-column is-layout-flow wp-block-column-is-layout-flow\">\n<h2 class=\"wp-block-heading\" style=\"font-size:27px\">Dom\u00ednios de especializa\u00e7\u00e3o<\/h2>\n\n\n\n<ul style=\"font-size:17px;font-family:'Poppins', sans-serif;color:#676767;\"><li>Sector industrial<\/li><li>Sector hoteleiro<\/li><li>Sector comercial<\/li><li>Sector Artesanal<\/li><li>Sector residencial<\/li><li>Sector Terci\u00e1rio<\/li><li>Organismos P\u00fablicos<br><\/li><\/ul>\n<\/div>\n\n\n\n<div class=\"wp-block-column is-layout-flow wp-block-column-is-layout-flow\">\n<h2 class=\"wp-block-heading\" style=\"font-size:27px\">Os nossos servi\u00e7os<\/h2>\n\n\n\n<ul style=\"font-size:17px;font-family:'Poppins', sans-serif;color:#676767;\">\n  <li>Efici\u00eancia energ\u00e9tica segundo UNI CEI EN ISO 50001:2018<\/li>\n  <li>Monitoramento de consumo conforme a diretiva MID<\/li>\n  <li>Qualidade de energia<\/li>\n  <li>Ind\u00fastria 5.0<\/li>\n  <li>Ind\u00fastria 4.0<\/li>\n  <li>UPS de l\u00edtio<\/li>\n  <li>Geradores h\u00edbridos<\/li>\n  <li>Compensadores de fator de pot\u00eancia multist\u00e1gio<\/li>\n  <li>Estabilizadores<\/li>\n  <li>Efici\u00eancia el\u00e9trica<\/li>\n  <li>Efici\u00eancia fotovoltaica<\/li>\n  <li>Software<\/li>\n  <li>Painel de controle iOS e Android<\/li>\n  <li>Otimizador de imped\u00e2ncia<\/li>\n  <li>Eletr\u00f4nica de pot\u00eancia<\/li>\n<\/ul>\n<\/div>\n<\/div>\n\n\n\n<div style=\"height:20px\" aria-hidden=\"true\" class=\"wp-block-spacer\"><\/div>\n","protected":false},"excerpt":{"rendered":"<p>Bem-vindo ao universo da inova\u00e7\u00e3o ao servi\u00e7o do aumento da efici\u00eancia energ\u00e9tica. A ESE \u00e9 uma empresa pioneira no sector da energia, centrada na produ\u00e7\u00e3o de equipamentos tecnologicamente avan\u00e7ados concebidos para transformar a gest\u00e3o da energia em empresas, atividades comerciais, hot\u00e9is, alimenta\u00e7\u00e3o e grande distribui\u00e7\u00e3o. Gra\u00e7as \u00e0s suas estrat\u00e9gias de mercado, ao investimento em investiga\u00e7\u00e3o&#8230;<\/p>\n","protected":false},"author":1,"featured_media":7467,"parent":0,"menu_order":0,"comment_status":"closed","ping_status":"closed","template":"","meta":{"_uag_custom_page_level_css":"","_themeisle_gutenberg_block_has_review":false,"footnotes":""},"class_list":["post-7465","page","type-page","status-publish","has-post-thumbnail","hentry"],"yoast_head":"<!-- This site is optimized with the Yoast SEO plugin v27.3 - https:\/\/yoast.com\/product\/yoast-seo-wordpress\/ -->\n<title>Sobre n\u00f3s - ESE<\/title>\n<meta name=\"description\" content=\"Bem-vindo ao universo da inova\u00e7\u00e3o ao servi\u00e7o do aumento da efici\u00eancia energ\u00e9tica. A ESE \u00e9 uma empresa pioneira no sector da energia, centrada na produ\u00e7\u00e3o\" \/>\n<meta name=\"robots\" content=\"index, follow, max-snippet:-1, max-image-preview:large, max-video-preview:-1\" \/>\n<link rel=\"canonical\" href=\"https:\/\/ese.energy\/pt-pt\/sobre-nos\/\" \/>\n<meta property=\"og:locale\" content=\"pt_PT\" \/>\n<meta property=\"og:type\" content=\"article\" \/>\n<meta property=\"og:title\" content=\"Sobre n\u00f3s - ESE\" \/>\n<meta property=\"og:description\" content=\"Bem-vindo ao universo da inova\u00e7\u00e3o ao servi\u00e7o do aumento da efici\u00eancia energ\u00e9tica. A ESE \u00e9 uma empresa pioneira no sector da energia, centrada na produ\u00e7\u00e3o\" \/>\n<meta property=\"og:url\" content=\"https:\/\/ese.energy\/pt-pt\/sobre-nos\/\" \/>\n<meta property=\"og:site_name\" content=\"ESE\" \/>\n<meta property=\"article:modified_time\" content=\"2025-04-08T14:23:06+00:00\" \/>\n<meta property=\"og:image\" content=\"https:\/\/ese.energy\/wp-content\/uploads\/2021\/09\/Logo-WestCoast-Elettrical.png\" \/>\n\t<meta property=\"og:image:width\" content=\"1250\" \/>\n\t<meta property=\"og:image:height\" content=\"1250\" \/>\n\t<meta property=\"og:image:type\" content=\"image\/png\" \/>\n<meta name=\"twitter:card\" content=\"summary_large_image\" \/>\n<meta name=\"twitter:label1\" content=\"Tempo estimado de leitura\" \/>\n\t<meta name=\"twitter:data1\" content=\"3 minutos\" \/>\n<script type=\"application\/ld+json\" class=\"yoast-schema-graph\">{\"@context\":\"https:\\\/\\\/schema.org\",\"@graph\":[{\"@type\":\"WebPage\",\"@id\":\"https:\\\/\\\/ese.energy\\\/pt-pt\\\/sobre-nos\\\/\",\"url\":\"https:\\\/\\\/ese.energy\\\/pt-pt\\\/sobre-nos\\\/\",\"name\":\"Sobre n\u00f3s - ESE\",\"isPartOf\":{\"@id\":\"https:\\\/\\\/ese.energy\\\/pt-pt\\\/#website\"},\"primaryImageOfPage\":{\"@id\":\"https:\\\/\\\/ese.energy\\\/pt-pt\\\/sobre-nos\\\/#primaryimage\"},\"image\":{\"@id\":\"https:\\\/\\\/ese.energy\\\/pt-pt\\\/sobre-nos\\\/#primaryimage\"},\"thumbnailUrl\":\"https:\\\/\\\/ese.energy\\\/wp-content\\\/uploads\\\/2021\\\/09\\\/Logo-WestCoast-Elettrical.png\",\"datePublished\":\"2024-04-05T10:49:32+00:00\",\"dateModified\":\"2025-04-08T14:23:06+00:00\",\"description\":\"Bem-vindo ao universo da inova\u00e7\u00e3o ao servi\u00e7o do aumento da efici\u00eancia energ\u00e9tica. A ESE \u00e9 uma empresa pioneira no sector da energia, centrada na produ\u00e7\u00e3o\",\"breadcrumb\":{\"@id\":\"https:\\\/\\\/ese.energy\\\/pt-pt\\\/sobre-nos\\\/#breadcrumb\"},\"inLanguage\":\"pt-PT\",\"potentialAction\":[{\"@type\":\"ReadAction\",\"target\":[\"https:\\\/\\\/ese.energy\\\/pt-pt\\\/sobre-nos\\\/\"]}]},{\"@type\":\"ImageObject\",\"inLanguage\":\"pt-PT\",\"@id\":\"https:\\\/\\\/ese.energy\\\/pt-pt\\\/sobre-nos\\\/#primaryimage\",\"url\":\"https:\\\/\\\/ese.energy\\\/wp-content\\\/uploads\\\/2021\\\/09\\\/Logo-WestCoast-Elettrical.png\",\"contentUrl\":\"https:\\\/\\\/ese.energy\\\/wp-content\\\/uploads\\\/2021\\\/09\\\/Logo-WestCoast-Elettrical.png\",\"width\":1250,\"height\":1250},{\"@type\":\"BreadcrumbList\",\"@id\":\"https:\\\/\\\/ese.energy\\\/pt-pt\\\/sobre-nos\\\/#breadcrumb\",\"itemListElement\":[{\"@type\":\"ListItem\",\"position\":1,\"name\":\"Home\",\"item\":\"https:\\\/\\\/ese.energy\\\/pt-pt\\\/\"},{\"@type\":\"ListItem\",\"position\":2,\"name\":\"Sobre n\u00f3s\"}]},{\"@type\":\"WebSite\",\"@id\":\"https:\\\/\\\/ese.energy\\\/pt-pt\\\/#website\",\"url\":\"https:\\\/\\\/ese.energy\\\/pt-pt\\\/\",\"name\":\"ESE\",\"description\":\"Efficiency, Saving, Environment\",\"potentialAction\":[{\"@type\":\"SearchAction\",\"target\":{\"@type\":\"EntryPoint\",\"urlTemplate\":\"https:\\\/\\\/ese.energy\\\/pt-pt\\\/?s={search_term_string}\"},\"query-input\":{\"@type\":\"PropertyValueSpecification\",\"valueRequired\":true,\"valueName\":\"search_term_string\"}}],\"inLanguage\":\"pt-PT\"}]}<\/script>\n<!-- \/ Yoast SEO plugin. -->","yoast_head_json":{"title":"Sobre n\u00f3s - ESE","description":"Bem-vindo ao universo da inova\u00e7\u00e3o ao servi\u00e7o do aumento da efici\u00eancia energ\u00e9tica. A ESE \u00e9 uma empresa pioneira no sector da energia, centrada na produ\u00e7\u00e3o","robots":{"index":"index","follow":"follow","max-snippet":"max-snippet:-1","max-image-preview":"max-image-preview:large","max-video-preview":"max-video-preview:-1"},"canonical":"https:\/\/ese.energy\/pt-pt\/sobre-nos\/","og_locale":"pt_PT","og_type":"article","og_title":"Sobre n\u00f3s - ESE","og_description":"Bem-vindo ao universo da inova\u00e7\u00e3o ao servi\u00e7o do aumento da efici\u00eancia energ\u00e9tica. A ESE \u00e9 uma empresa pioneira no sector da energia, centrada na produ\u00e7\u00e3o","og_url":"https:\/\/ese.energy\/pt-pt\/sobre-nos\/","og_site_name":"ESE","article_modified_time":"2025-04-08T14:23:06+00:00","og_image":[{"width":1250,"height":1250,"url":"https:\/\/ese.energy\/wp-content\/uploads\/2021\/09\/Logo-WestCoast-Elettrical.png","type":"image\/png"}],"twitter_card":"summary_large_image","twitter_misc":{"Tempo estimado de leitura":"3 minutos"},"schema":{"@context":"https:\/\/schema.org","@graph":[{"@type":"WebPage","@id":"https:\/\/ese.energy\/pt-pt\/sobre-nos\/","url":"https:\/\/ese.energy\/pt-pt\/sobre-nos\/","name":"Sobre n\u00f3s - ESE","isPartOf":{"@id":"https:\/\/ese.energy\/pt-pt\/#website"},"primaryImageOfPage":{"@id":"https:\/\/ese.energy\/pt-pt\/sobre-nos\/#primaryimage"},"image":{"@id":"https:\/\/ese.energy\/pt-pt\/sobre-nos\/#primaryimage"},"thumbnailUrl":"https:\/\/ese.energy\/wp-content\/uploads\/2021\/09\/Logo-WestCoast-Elettrical.png","datePublished":"2024-04-05T10:49:32+00:00","dateModified":"2025-04-08T14:23:06+00:00","description":"Bem-vindo ao universo da inova\u00e7\u00e3o ao servi\u00e7o do aumento da efici\u00eancia energ\u00e9tica. A ESE \u00e9 uma empresa pioneira no sector da energia, centrada na produ\u00e7\u00e3o","breadcrumb":{"@id":"https:\/\/ese.energy\/pt-pt\/sobre-nos\/#breadcrumb"},"inLanguage":"pt-PT","potentialAction":[{"@type":"ReadAction","target":["https:\/\/ese.energy\/pt-pt\/sobre-nos\/"]}]},{"@type":"ImageObject","inLanguage":"pt-PT","@id":"https:\/\/ese.energy\/pt-pt\/sobre-nos\/#primaryimage","url":"https:\/\/ese.energy\/wp-content\/uploads\/2021\/09\/Logo-WestCoast-Elettrical.png","contentUrl":"https:\/\/ese.energy\/wp-content\/uploads\/2021\/09\/Logo-WestCoast-Elettrical.png","width":1250,"height":1250},{"@type":"BreadcrumbList","@id":"https:\/\/ese.energy\/pt-pt\/sobre-nos\/#breadcrumb","itemListElement":[{"@type":"ListItem","position":1,"name":"Home","item":"https:\/\/ese.energy\/pt-pt\/"},{"@type":"ListItem","position":2,"name":"Sobre n\u00f3s"}]},{"@type":"WebSite","@id":"https:\/\/ese.energy\/pt-pt\/#website","url":"https:\/\/ese.energy\/pt-pt\/","name":"ESE","description":"Efficiency, Saving, Environment","potentialAction":[{"@type":"SearchAction","target":{"@type":"EntryPoint","urlTemplate":"https:\/\/ese.energy\/pt-pt\/?s={search_term_string}"},"query-input":{"@type":"PropertyValueSpecification","valueRequired":true,"valueName":"search_term_string"}}],"inLanguage":"pt-PT"}]}},"uagb_featured_image_src":{"full":["https:\/\/ese.energy\/wp-content\/uploads\/2021\/09\/Logo-WestCoast-Elettrical.png",1250,1250,false],"thumbnail":["https:\/\/ese.energy\/wp-content\/uploads\/2021\/09\/Logo-WestCoast-Elettrical-150x150.png",150,150,true],"medium":["https:\/\/ese.energy\/wp-content\/uploads\/2021\/09\/Logo-WestCoast-Elettrical-300x300.png",300,300,true],"medium_large":["https:\/\/ese.energy\/wp-content\/uploads\/2021\/09\/Logo-WestCoast-Elettrical-768x768.png",768,768,true],"large":["https:\/\/ese.energy\/wp-content\/uploads\/2021\/09\/Logo-WestCoast-Elettrical-1024x1024.png",1024,1024,true],"gs-tiny":["https:\/\/ese.energy\/wp-content\/uploads\/2021\/09\/Logo-WestCoast-Elettrical.png",50,50,false],"xl":["https:\/\/ese.energy\/wp-content\/uploads\/2021\/09\/Logo-WestCoast-Elettrical.png",1250,1250,false],"xxl":["https:\/\/ese.energy\/wp-content\/uploads\/2021\/09\/Logo-WestCoast-Elettrical.png",1250,1250,false],"xxxl":["https:\/\/ese.energy\/wp-content\/uploads\/2021\/09\/Logo-WestCoast-Elettrical.png",1250,1250,false],"xxxxl":["https:\/\/ese.energy\/wp-content\/uploads\/2021\/09\/Logo-WestCoast-Elettrical.png",1250,1250,false],"xxxxxl":["https:\/\/ese.energy\/wp-content\/uploads\/2021\/09\/Logo-WestCoast-Elettrical.png",1250,1250,false],"1536x1536":["https:\/\/ese.energy\/wp-content\/uploads\/2021\/09\/Logo-WestCoast-Elettrical.png",1250,1250,false],"2048x2048":["https:\/\/ese.energy\/wp-content\/uploads\/2021\/09\/Logo-WestCoast-Elettrical.png",1250,1250,false],"post-thumbnail":["https:\/\/ese.energy\/wp-content\/uploads\/2021\/09\/Logo-WestCoast-Elettrical-820x490.png",820,490,true],"small-thumb":["https:\/\/ese.energy\/wp-content\/uploads\/2021\/09\/Logo-WestCoast-Elettrical-55x55.png",55,55,true],"square-thumb":["https:\/\/ese.energy\/wp-content\/uploads\/2021\/09\/Logo-WestCoast-Elettrical-250x250.png",250,250,true],"blog-masonry-thumb":["https:\/\/ese.energy\/wp-content\/uploads\/2021\/09\/Logo-WestCoast-Elettrical-580x390.png",580,390,true],"project-thumb":["https:\/\/ese.energy\/wp-content\/uploads\/2021\/09\/Logo-WestCoast-Elettrical-580x460.png",580,460,true],"project-masonry-thumb":["https:\/\/ese.energy\/wp-content\/uploads\/2021\/09\/Logo-WestCoast-Elettrical-580x580.png",580,580,true],"masonry-thumb":["https:\/\/ese.energy\/wp-content\/uploads\/2021\/09\/Logo-WestCoast-Elettrical-820x820.png",820,820,true],"full-thumb":["https:\/\/ese.energy\/wp-content\/uploads\/2021\/09\/Logo-WestCoast-Elettrical-1160x700.png",1160,700,true],"project-full-thumb":["https:\/\/ese.energy\/wp-content\/uploads\/2021\/09\/Logo-WestCoast-Elettrical-1160x920.png",1160,920,true],"full-masonry-thumb":["https:\/\/ese.energy\/wp-content\/uploads\/2021\/09\/Logo-WestCoast-Elettrical-1160x1160.png",1160,1160,true]},"uagb_author_info":{"display_name":"admin","author_link":"https:\/\/ese.energy\/pt-pt\/author\/ese_admin\/"},"uagb_comment_info":0,"uagb_excerpt":"Bem-vindo ao universo da inova\u00e7\u00e3o ao servi\u00e7o do aumento da efici\u00eancia energ\u00e9tica. A ESE \u00e9 uma empresa pioneira no sector da energia, centrada na produ\u00e7\u00e3o de equipamentos tecnologicamente avan\u00e7ados concebidos para transformar a gest\u00e3o da energia em empresas, atividades comerciais, hot\u00e9is, alimenta\u00e7\u00e3o e grande distribui\u00e7\u00e3o. Gra\u00e7as \u00e0s suas estrat\u00e9gias de mercado, ao investimento em investiga\u00e7\u00e3o...","_links":{"self":[{"href":"https:\/\/ese.energy\/pt-pt\/wp-json\/wp\/v2\/pages\/7465","targetHints":{"allow":["GET"]}}],"collection":[{"href":"https:\/\/ese.energy\/pt-pt\/wp-json\/wp\/v2\/pages"}],"about":[{"href":"https:\/\/ese.energy\/pt-pt\/wp-json\/wp\/v2\/types\/page"}],"author":[{"embeddable":true,"href":"https:\/\/ese.energy\/pt-pt\/wp-json\/wp\/v2\/users\/1"}],"replies":[{"embeddable":true,"href":"https:\/\/ese.energy\/pt-pt\/wp-json\/wp\/v2\/comments?post=7465"}],"version-history":[{"count":6,"href":"https:\/\/ese.energy\/pt-pt\/wp-json\/wp\/v2\/pages\/7465\/revisions"}],"predecessor-version":[{"id":10889,"href":"https:\/\/ese.energy\/pt-pt\/wp-json\/wp\/v2\/pages\/7465\/revisions\/10889"}],"wp:featuredmedia":[{"embeddable":true,"href":"https:\/\/ese.energy\/pt-pt\/wp-json\/wp\/v2\/media\/7467"}],"wp:attachment":[{"href":"https:\/\/ese.energy\/pt-pt\/wp-json\/wp\/v2\/media?parent=7465"}],"curies":[{"name":"wp","href":"https:\/\/api.w.org\/{rel}","templated":true}]}}