{"id":7486,"date":"2022-12-20T11:16:40","date_gmt":"2022-12-20T09:16:40","guid":{"rendered":"https:\/\/ese.energy\/contatti\/"},"modified":"2026-02-27T13:19:02","modified_gmt":"2026-02-27T11:19:02","slug":"contatti","status":"publish","type":"page","link":"https:\/\/ese.energy\/pt-pt\/contatti\/","title":{"rendered":"Contacto"},"content":{"rendered":"<style type=\"text\/css\"><\/style>\n<div class=\"wp-block-columns is-layout-flex wp-container-core-columns-is-layout-9d6595d7 wp-block-columns-is-layout-flex\">\n<div class=\"wp-block-column is-layout-flow wp-block-column-is-layout-flow\">\n<div class=\"wp-block-group\"><div class=\"wp-block-group__inner-container is-layout-constrained wp-block-group-is-layout-constrained\">\n<h3 class=\"wp-block-heading\"><strong>Sede social<\/strong><\/h3>\n\n\n\n<p class=\"has-text-color\" style=\"color:#808080\">Corso Giuseppe Garibaldi 86<br>20121 &#8211; Milano Italy<br>P.IVA 089 99 15 09 67<\/p>\n\n\n\n<div style=\"height:20px\" aria-hidden=\"true\" class=\"wp-block-spacer\"><\/div>\n<\/div><\/div>\n\n\n\n<div class=\"wp-block-group\"><div class=\"wp-block-group__inner-container is-layout-constrained wp-block-group-is-layout-constrained\">\n<h3 class=\"wp-block-heading\"><strong>Sede Administrativa<\/strong><\/h3>\n\n\n\n<p class=\"has-text-color\" style=\"color:#808080\">Via San Martino, 87 Q<br>82016 Montesarchio (BN) Italy<\/p>\n\n\n\n<div style=\"height:20px\" aria-hidden=\"true\" class=\"wp-block-spacer\"><\/div>\n<\/div><\/div>\n\n\n\n<div class=\"wp-block-group\"><div class=\"wp-block-group__inner-container is-layout-constrained wp-block-group-is-layout-constrained\">\n<h3 class=\"wp-block-heading\"><strong>Unidade de produ\u00e7\u00e3o<\/strong><\/h3>\n\n\n\n<p class=\"has-text-color\" style=\"color:#808080\">Via Fontana Gorgona 38<br>03019 Supino Frosinone<\/p>\n\n\n\n<div style=\"height:20px\" aria-hidden=\"true\" class=\"wp-block-spacer\"><\/div>\n<\/div><\/div>\n\n\n\n<div class=\"wp-block-group\"><div class=\"wp-block-group__inner-container is-layout-constrained wp-block-group-is-layout-constrained\">\n<h3 class=\"wp-block-heading\"><strong>Unidade operacional<\/strong><\/h3>\n\n\n\n<p class=\"has-text-color\" style=\"color:#808080\">Via Sant\u2019Orsola 2<br>24122 Bergamo (BG)<\/p>\n\n\n\n<div style=\"height:20px\" aria-hidden=\"true\" class=\"wp-block-spacer\"><\/div>\n<\/div><\/div>\n\n\n\n<div class=\"wp-block-group\"><div class=\"wp-block-group__inner-container is-layout-constrained wp-block-group-is-layout-constrained\">\n<h3 class=\"wp-block-heading\"><strong>Contacto<\/strong><\/h3>\n\n\n\n<p><em>Segunda-feira &#8211; sexta-feira: 9:00 &#8211; 13:00 \/ 15:30 &#8211; 18:30<\/em><\/p>\n\n\n\n<div style=\"height:10px\" aria-hidden=\"true\" class=\"wp-block-spacer\"><\/div>\n<\/div><\/div>\n\n\n\n<p class=\"has-text-color\" style=\"color:#808080\">+39 02 87 368 229<br>+39 02 87 368 222 (fax)<br>info@ese.energy<br>service@ese.energy<br>assistenza@ese.energy<\/p>\n<\/div>\n\n\n\n<div class=\"wp-block-column is-layout-flow wp-block-column-is-layout-flow\">\n<div class=\"wp-block-contact-form-7-contact-form-selector\">\n<div class=\"wpcf7 no-js\" id=\"wpcf7-f7489-o1\" lang=\"pt-PT\" dir=\"ltr\" data-wpcf7-id=\"7489\">\n<div class=\"screen-reader-response\"><p role=\"status\" aria-live=\"polite\" aria-atomic=\"true\"><\/p> <ul><\/ul><\/div>\n<form action=\"\/pt-pt\/wp-json\/wp\/v2\/pages\/7486#wpcf7-f7489-o1\" method=\"post\" class=\"wpcf7-form init\" aria-label=\"Formul\u00e1rio de contacto\" novalidate=\"novalidate\" data-status=\"init\">\n<fieldset class=\"hidden-fields-container\"><input type=\"hidden\" name=\"_wpcf7\" value=\"7489\" \/><input type=\"hidden\" name=\"_wpcf7_version\" value=\"6.1.5\" \/><input type=\"hidden\" name=\"_wpcf7_locale\" value=\"pt_PT\" \/><input type=\"hidden\" name=\"_wpcf7_unit_tag\" value=\"wpcf7-f7489-o1\" \/><input type=\"hidden\" name=\"_wpcf7_container_post\" value=\"0\" \/><input type=\"hidden\" name=\"_wpcf7_posted_data_hash\" value=\"\" \/><input type=\"hidden\" name=\"_wpcf7cf_hidden_group_fields\" value=\"[]\" \/><input type=\"hidden\" name=\"_wpcf7cf_hidden_groups\" value=\"[]\" \/><input type=\"hidden\" name=\"_wpcf7cf_visible_groups\" value=\"[]\" \/><input type=\"hidden\" name=\"_wpcf7cf_repeaters\" value=\"[]\" \/><input type=\"hidden\" name=\"_wpcf7cf_steps\" value=\"{}\" \/><input type=\"hidden\" name=\"_wpcf7cf_options\" value=\"{&quot;form_id&quot;:7489,&quot;conditions&quot;:[{&quot;then_field&quot;:&quot;informazioni&quot;,&quot;and_rules&quot;:[{&quot;if_field&quot;:&quot;argomento&quot;,&quot;operator&quot;:&quot;equals&quot;,&quot;if_value&quot;:&quot;Informa\\u00e7\\u00f5es&quot;}]},{&quot;then_field&quot;:&quot;assistenza&quot;,&quot;and_rules&quot;:[{&quot;if_field&quot;:&quot;argomento&quot;,&quot;operator&quot;:&quot;equals&quot;,&quot;if_value&quot;:&quot;Assist\\u00eancia&quot;}]},{&quot;then_field&quot;:&quot;submit-group&quot;,&quot;and_rules&quot;:[{&quot;if_field&quot;:&quot;textarea1&quot;,&quot;operator&quot;:&quot;not empty&quot;,&quot;if_value&quot;:&quot;&quot;}]},{&quot;then_field&quot;:&quot;text-start&quot;,&quot;and_rules&quot;:[{&quot;if_field&quot;:&quot;argomento&quot;,&quot;operator&quot;:&quot;is empty&quot;,&quot;if_value&quot;:&quot;&quot;}]},{&quot;then_field&quot;:&quot;text-informazioni&quot;,&quot;and_rules&quot;:[{&quot;if_field&quot;:&quot;argomento&quot;,&quot;operator&quot;:&quot;equals&quot;,&quot;if_value&quot;:&quot;Informa\\u00e7\\u00f5es&quot;}]},{&quot;then_field&quot;:&quot;text-assistenza&quot;,&quot;and_rules&quot;:[{&quot;if_field&quot;:&quot;argomento&quot;,&quot;operator&quot;:&quot;equals&quot;,&quot;if_value&quot;:&quot;Assist\\u00eancia&quot;}]},{&quot;then_field&quot;:&quot;submit-group&quot;,&quot;and_rules&quot;:[{&quot;if_field&quot;:&quot;-1&quot;,&quot;operator&quot;:&quot;not empty&quot;,&quot;if_value&quot;:&quot;&quot;}]}],&quot;settings&quot;:{&quot;animation&quot;:&quot;yes&quot;,&quot;animation_intime&quot;:200,&quot;animation_outtime&quot;:200,&quot;conditions_ui&quot;:&quot;normal&quot;,&quot;notice_dismissed&quot;:false,&quot;notice_dismissed_rollback-cf7-5.8.2&quot;:true,&quot;notice_dismissed_rollback-cf7-5.8.3&quot;:true,&quot;notice_dismissed_rollback-cf7-5.8.5&quot;:true,&quot;notice_dismissed_rollback-cf7-5.8.6&quot;:true,&quot;notice_dismissed_rollback-cf7-5.8.7&quot;:true,&quot;notice_dismissed_rollback-cf7-5.9.2&quot;:true,&quot;notice_dismissed_rollback-cf7-5.9.3&quot;:true,&quot;notice_dismissed_rollback-cf7-5.9.4&quot;:true,&quot;notice_dismissed_rollback-cf7-5.9.5&quot;:true,&quot;notice_dismissed_update-cf7-6.0&quot;:true,&quot;notice_dismissed_update-cf7-6.0.1&quot;:true,&quot;notice_dismissed_update-cf7-6.0.4&quot;:true,&quot;notice_dismissed_update-cf7-6.0.5&quot;:true,&quot;notice_dismissed_update-cf7-6.0.6&quot;:true,&quot;notice_dismissed_update-cf7-6.1&quot;:true}}\" \/>\n<\/fieldset>\n<div class=\"wpcf7-turnstile cf-turnstile\" data-sitekey=\"0x4AAAAAABji6teHGDeYgh4N\" data-response-field-name=\"_wpcf7_turnstile_response\"><\/div>\n\n<div class=\"form-container\">\n\t<h3><b>Como \u00e9 que o podemos ajudar?<\/b>\n\t<\/h3>\n\t<div data-id=\"text-start\" data-orig_data_id=\"text-start\" data-clear_on_hide class=\"\" data-class=\"wpcf7cf_group\">\n\t\t<p style=\"font-size:14px!important;\">Para preencher o formul\u00e1rio de contacto, seleccione um dos dois t\u00f3picos.\n\t\t<\/p>\n\t<\/div>\n\t<div data-id=\"text-informazioni\" data-orig_data_id=\"text-informazioni\" data-clear_on_hide class=\"\" data-class=\"wpcf7cf_group\">\n\t\t<p style=\"font-size:14px!important;\">Contacte-nos para saber mais sobre os nossos servi\u00e7os ou solicitar um or\u00e7amento adaptado \u00e0s suas necessidades.<br \/>\nPreencha o formul\u00e1rio, ser\u00e1 brevemente contactado pela nossa equipa.\n\t\t<\/p>\n\t<\/div>\n\t<div data-id=\"text-assistenza\" data-orig_data_id=\"text-assistenza\" data-clear_on_hide class=\"\" data-class=\"wpcf7cf_group\">\n\t\t<p style=\"font-size:14px!important;\">Se j\u00e1 \u00e9 cliente da ESE ENERGY e necessita de assist\u00eancia t\u00e9cnica para um dispositivo ANT, preencha o formul\u00e1rio, ser\u00e1 imediatamente contactado pela assist\u00eancia t\u00e9cnica.\n\t\t<\/p>\n\t<\/div>\n\t<p><span class=\"wpcf7-form-control-wrap\" data-name=\"argomento\"><select class=\"wpcf7-form-control wpcf7-select wpcf7-validates-as-required select\" aria-required=\"true\" aria-invalid=\"false\" name=\"argomento\"><option value=\"\">&#8212;Por favor escolha uma op\u00e7\u00e3o&#8212;<\/option><option value=\"Informa\u00e7\u00f5es\">Informa\u00e7\u00f5es<\/option><option value=\"Assist\u00eancia\">Assist\u00eancia<\/option><\/select><\/span>\n\t<\/p>\n\t<div data-id=\"informazioni\" data-orig_data_id=\"informazioni\"  class=\"\" data-class=\"wpcf7cf_group\">\n\t\t<p><span class=\"wpcf7-form-control-wrap\" data-name=\"nome1\"><input size=\"40\" maxlength=\"400\" class=\"wpcf7-form-control wpcf7-text wpcf7-validates-as-required\" aria-required=\"true\" aria-invalid=\"false\" placeholder=\"Nome*\" value=\"\" type=\"text\" name=\"nome1\" \/><\/span>\n\t\t<\/p>\n\t\t<p><span class=\"wpcf7-form-control-wrap\" data-name=\"email1\"><input size=\"40\" maxlength=\"400\" class=\"wpcf7-form-control wpcf7-email wpcf7-validates-as-required wpcf7-text wpcf7-validates-as-email\" aria-required=\"true\" aria-invalid=\"false\" placeholder=\"Correio eletr\u00f3nico*\" value=\"\" type=\"email\" name=\"email1\" \/><\/span>\n\t\t<\/p>\n\t\t<p><span class=\"wpcf7-form-control-wrap\" data-name=\"tel1\"><input size=\"40\" maxlength=\"400\" class=\"wpcf7-form-control wpcf7-tel wpcf7-text wpcf7-validates-as-tel\" aria-invalid=\"false\" placeholder=\"Telem\u00f3vel\" value=\"\" type=\"tel\" name=\"tel1\" \/><\/span>\n\t\t<\/p>\n\t\t<p style=\"font-size:14px!important;\">T\u00f3pico?\n\t\t<\/p>\n\t\t<p><span class=\"wpcf7-form-control-wrap\" data-name=\"info-prev\"><select class=\"wpcf7-form-control wpcf7-select wpcf7-validates-as-required\" aria-required=\"true\" aria-invalid=\"false\" name=\"info-prev\"><option value=\"\">&#8212;Por favor escolha uma op\u00e7\u00e3o&#8212;<\/option><option value=\"Pedido de informa\u00e7\u00e3o\">Pedido de informa\u00e7\u00e3o<\/option><option value=\"Cita\u00e7\u00e3o\">Cita\u00e7\u00e3o<\/option><\/select><\/span>\n\t\t<\/p>\n\t\t<p><span class=\"wpcf7-form-control-wrap\" data-name=\"textarea1\"><textarea cols=\"40\" rows=\"10\" maxlength=\"2000\" class=\"wpcf7-form-control wpcf7-textarea wpcf7-validates-as-required\" aria-required=\"true\" aria-invalid=\"false\" placeholder=\"Introduza a sua mensagem*\" name=\"textarea1\"><\/textarea><\/span>\n\t\t<\/p>\n\t<\/div>\n\t<div data-id=\"assistenza\" data-orig_data_id=\"assistenza\" data-clear_on_hide class=\"\" data-class=\"wpcf7cf_group\">\n\t\t<p><a class=\"button-ticket\" target=\"_blank\" href=\"https:\/\/service.ese.energy\/apri-ticket\">Criar bilhete<\/a>\n\t\t<\/p>\n\t<\/div>\n\t<div data-id=\"submit-group\" data-orig_data_id=\"submit-group\" data-clear_on_hide class=\"\" data-class=\"wpcf7cf_group\">\n\t\t<p><span class=\"wpcf7-form-control-wrap\" data-name=\"acceptance-739\"><span class=\"wpcf7-form-control wpcf7-acceptance optional\"><span class=\"wpcf7-list-item\"><label><input type=\"checkbox\" name=\"acceptance-739\" value=\"1\" aria-invalid=\"false\" \/><span class=\"wpcf7-list-item-label\">Aceito inscrever-me na newsletter da ESE Energy.<\/span><\/label><\/span><\/span><\/span><br \/>\n<span class=\"wpcf7-form-control-wrap\" data-name=\"acceptance-913\"><span class=\"wpcf7-form-control wpcf7-acceptance\"><span class=\"wpcf7-list-item\"><label><input type=\"checkbox\" name=\"acceptance-913\" value=\"1\" aria-invalid=\"false\" \/><span class=\"wpcf7-list-item-label\">Aceito o tratamento de dados tal como descrito no <a href=\"\/privacy-policy\/\" style=\"color:black; text-decoration:underline;font-family:'Poppins';\">pol\u00edtica de privacidade<\/a>.<\/span><\/label><\/span><\/span><\/span>\n\t\t<\/p>\n\t\t<p><input class=\"wpcf7-form-control wpcf7-submit has-spinner\" type=\"submit\" value=\"Enviar mensagem\" \/>\n\t\t<\/p>\n\t<\/div>\n<input class=\"wpcf7-form-control wpcf7-hidden\" value=\"\" type=\"hidden\" name=\"utm_campaign\" \/>\n<input class=\"wpcf7-form-control wpcf7-hidden\" value=\"\" type=\"hidden\" name=\"utm_medium\" \/>\n<input class=\"wpcf7-form-control wpcf7-hidden\" value=\"\" type=\"hidden\" name=\"u_focus\" \/>\n<input class=\"wpcf7-form-control wpcf7-hidden\" value=\"\" type=\"hidden\" name=\"utm_source\" \/>\n<input class=\"wpcf7-form-control wpcf7-hidden\" value=\"\" type=\"hidden\" name=\"u_net\" \/>\n<input class=\"wpcf7-form-control wpcf7-hidden\" value=\"\" type=\"hidden\" name=\"u_dev\" \/>\n<input class=\"wpcf7-form-control wpcf7-hidden\" value=\"\" type=\"hidden\" name=\"u_devm\" \/>\n<input class=\"wpcf7-form-control wpcf7-hidden\" value=\"\" type=\"hidden\" name=\"u_cid\" \/>\n<input class=\"wpcf7-form-control wpcf7-hidden\" value=\"\" type=\"hidden\" name=\"u_agid\" \/>\n<input class=\"wpcf7-form-control wpcf7-hidden\" value=\"\" type=\"hidden\" name=\"u_creative\" \/>\n<input class=\"wpcf7-form-control wpcf7-hidden\" value=\"\" type=\"hidden\" name=\"u_adp\" \/>\n<input class=\"wpcf7-form-control wpcf7-hidden\" value=\"\" type=\"hidden\" name=\"u_eid\" \/>\n<input class=\"wpcf7-form-control wpcf7-hidden\" value=\"\" type=\"hidden\" name=\"u_placement\" \/>\n<input class=\"wpcf7-form-control wpcf7-hidden\" value=\"\" type=\"hidden\" name=\"u_loci\" \/>\n<input class=\"wpcf7-form-control wpcf7-hidden\" value=\"\" type=\"hidden\" name=\"u_locp\" \/>\n<input class=\"wpcf7-form-control wpcf7-hidden\" value=\"\" type=\"hidden\" name=\"u_matchtype\" \/>\n<input class=\"wpcf7-form-control wpcf7-hidden\" value=\"\" type=\"hidden\" name=\"utm_term\" \/>\n<input class=\"wpcf7-form-control wpcf7-hidden\" value=\"\" type=\"hidden\" name=\"gclid\" \/>\n<input class=\"wpcf7-form-control wpcf7-hidden\" value=\"\" type=\"hidden\" name=\"orario\" \/>\n<\/div><div class=\"wpcf7-response-output\" aria-hidden=\"true\"><\/div>\n<\/form>\n<\/div>\n<\/div>\n<\/div>\n<\/div>\n\n\n\n<div style=\"height:20px\" aria-hidden=\"true\" class=\"wp-block-spacer\"><\/div>\n\n\n\n<h2 class=\"wp-block-heading has-text-align-center\"><\/h2>\n","protected":false},"excerpt":{"rendered":"<p>Sede social Corso Giuseppe Garibaldi 8620121 &#8211; Milano ItalyP.IVA 089 99 15 09 67 Sede Administrativa Via San Martino, 87 Q82016 Montesarchio (BN) Italy Unidade de produ\u00e7\u00e3o Via Fontana Gorgona 3803019 Supino Frosinone Unidade operacional Via Sant\u2019Orsola 224122 Bergamo (BG) Contacto Segunda-feira &#8211; sexta-feira: 9:00 &#8211; 13:00 \/ 15:30 &#8211; 18:30 +39 02 87 368&#8230;<\/p>\n","protected":false},"author":1,"featured_media":0,"parent":0,"menu_order":0,"comment_status":"closed","ping_status":"closed","template":"","meta":{"_uag_custom_page_level_css":"","_themeisle_gutenberg_block_has_review":false,"footnotes":""},"class_list":["post-7486","page","type-page","status-publish","hentry"],"yoast_head":"<!-- This site is optimized with the Yoast SEO plugin v27.4 - https:\/\/yoast.com\/product\/yoast-seo-wordpress\/ -->\n<title>Contacto - ESE<\/title>\n<meta name=\"description\" content=\"Bem-vindo \u00e0 p\u00e1gina de contactos do ESE. Aqui pode encontrar todas as informa\u00e7\u00f5es necess\u00e1rias para contactar os nossos escrit\u00f3rios e unidades de neg\u00f3cio, bem como para solicitar assist\u00eancia ou informa\u00e7\u00f5es atrav\u00e9s do formul\u00e1rio da p\u00e1gina. Estamos \u00e0 sua disposi\u00e7\u00e3o para qualquer necessidade, por favor n\u00e3o hesite em contactar-nos!\" \/>\n<meta name=\"robots\" content=\"index, follow, max-snippet:-1, max-image-preview:large, max-video-preview:-1\" \/>\n<link rel=\"canonical\" href=\"https:\/\/ese.energy\/pt-pt\/contatti\/\" \/>\n<meta property=\"og:locale\" content=\"pt_PT\" \/>\n<meta property=\"og:type\" content=\"article\" \/>\n<meta property=\"og:title\" content=\"Contacto - ESE\" \/>\n<meta property=\"og:description\" content=\"Bem-vindo \u00e0 p\u00e1gina de contactos do ESE. Aqui pode encontrar todas as informa\u00e7\u00f5es necess\u00e1rias para contactar os nossos escrit\u00f3rios e unidades de neg\u00f3cio, bem como para solicitar assist\u00eancia ou informa\u00e7\u00f5es atrav\u00e9s do formul\u00e1rio da p\u00e1gina. Estamos \u00e0 sua disposi\u00e7\u00e3o para qualquer necessidade, por favor n\u00e3o hesite em contactar-nos!\" \/>\n<meta property=\"og:url\" content=\"https:\/\/ese.energy\/pt-pt\/contatti\/\" \/>\n<meta property=\"og:site_name\" content=\"ESE\" \/>\n<meta property=\"article:modified_time\" content=\"2026-02-27T11:19:02+00:00\" \/>\n<meta property=\"og:image\" content=\"https:\/\/ese.energy\/wp-content\/uploads\/2025\/01\/Logo-Ese-Immagine-in-evidenza.jpg\" \/>\n\t<meta property=\"og:image:width\" content=\"638\" \/>\n\t<meta property=\"og:image:height\" content=\"638\" \/>\n\t<meta property=\"og:image:type\" content=\"image\/jpeg\" \/>\n<meta name=\"twitter:card\" content=\"summary_large_image\" \/>\n<meta name=\"twitter:label1\" content=\"Tempo estimado de leitura\" \/>\n\t<meta name=\"twitter:data1\" content=\"1 minuto\" \/>\n<script type=\"application\/ld+json\" class=\"yoast-schema-graph\">{\"@context\":\"https:\\\/\\\/schema.org\",\"@graph\":[{\"@type\":[\"WebPage\",\"ContactPage\"],\"@id\":\"https:\\\/\\\/ese.energy\\\/pt-pt\\\/contatti\\\/\",\"url\":\"https:\\\/\\\/ese.energy\\\/pt-pt\\\/contatti\\\/\",\"name\":\"Contacto - ESE\",\"isPartOf\":{\"@id\":\"https:\\\/\\\/ese.energy\\\/pt-pt\\\/#website\"},\"datePublished\":\"2022-12-20T09:16:40+00:00\",\"dateModified\":\"2026-02-27T11:19:02+00:00\",\"description\":\"Bem-vindo \u00e0 p\u00e1gina de contactos do ESE. Aqui pode encontrar todas as informa\u00e7\u00f5es necess\u00e1rias para contactar os nossos escrit\u00f3rios e unidades de neg\u00f3cio, bem como para solicitar assist\u00eancia ou informa\u00e7\u00f5es atrav\u00e9s do formul\u00e1rio da p\u00e1gina. Estamos \u00e0 sua disposi\u00e7\u00e3o para qualquer necessidade, por favor n\u00e3o hesite em contactar-nos!\",\"breadcrumb\":{\"@id\":\"https:\\\/\\\/ese.energy\\\/pt-pt\\\/contatti\\\/#breadcrumb\"},\"inLanguage\":\"pt-PT\",\"potentialAction\":[{\"@type\":\"ReadAction\",\"target\":[\"https:\\\/\\\/ese.energy\\\/pt-pt\\\/contatti\\\/\"]}]},{\"@type\":\"BreadcrumbList\",\"@id\":\"https:\\\/\\\/ese.energy\\\/pt-pt\\\/contatti\\\/#breadcrumb\",\"itemListElement\":[{\"@type\":\"ListItem\",\"position\":1,\"name\":\"Home\",\"item\":\"https:\\\/\\\/ese.energy\\\/pt-pt\\\/\"},{\"@type\":\"ListItem\",\"position\":2,\"name\":\"Contacto\"}]},{\"@type\":\"WebSite\",\"@id\":\"https:\\\/\\\/ese.energy\\\/pt-pt\\\/#website\",\"url\":\"https:\\\/\\\/ese.energy\\\/pt-pt\\\/\",\"name\":\"ESE\",\"description\":\"Efficiency, Saving, Environment\",\"potentialAction\":[{\"@type\":\"SearchAction\",\"target\":{\"@type\":\"EntryPoint\",\"urlTemplate\":\"https:\\\/\\\/ese.energy\\\/pt-pt\\\/?s={search_term_string}\"},\"query-input\":{\"@type\":\"PropertyValueSpecification\",\"valueRequired\":true,\"valueName\":\"search_term_string\"}}],\"inLanguage\":\"pt-PT\"}]}<\/script>\n<!-- \/ Yoast SEO plugin. -->","yoast_head_json":{"title":"Contacto - ESE","description":"Bem-vindo \u00e0 p\u00e1gina de contactos do ESE. Aqui pode encontrar todas as informa\u00e7\u00f5es necess\u00e1rias para contactar os nossos escrit\u00f3rios e unidades de neg\u00f3cio, bem como para solicitar assist\u00eancia ou informa\u00e7\u00f5es atrav\u00e9s do formul\u00e1rio da p\u00e1gina. Estamos \u00e0 sua disposi\u00e7\u00e3o para qualquer necessidade, por favor n\u00e3o hesite em contactar-nos!","robots":{"index":"index","follow":"follow","max-snippet":"max-snippet:-1","max-image-preview":"max-image-preview:large","max-video-preview":"max-video-preview:-1"},"canonical":"https:\/\/ese.energy\/pt-pt\/contatti\/","og_locale":"pt_PT","og_type":"article","og_title":"Contacto - ESE","og_description":"Bem-vindo \u00e0 p\u00e1gina de contactos do ESE. Aqui pode encontrar todas as informa\u00e7\u00f5es necess\u00e1rias para contactar os nossos escrit\u00f3rios e unidades de neg\u00f3cio, bem como para solicitar assist\u00eancia ou informa\u00e7\u00f5es atrav\u00e9s do formul\u00e1rio da p\u00e1gina. Estamos \u00e0 sua disposi\u00e7\u00e3o para qualquer necessidade, por favor n\u00e3o hesite em contactar-nos!","og_url":"https:\/\/ese.energy\/pt-pt\/contatti\/","og_site_name":"ESE","article_modified_time":"2026-02-27T11:19:02+00:00","og_image":[{"width":638,"height":638,"url":"https:\/\/ese.energy\/wp-content\/uploads\/2025\/01\/Logo-Ese-Immagine-in-evidenza.jpg","type":"image\/jpeg"}],"twitter_card":"summary_large_image","twitter_misc":{"Tempo estimado de leitura":"1 minuto"},"schema":{"@context":"https:\/\/schema.org","@graph":[{"@type":["WebPage","ContactPage"],"@id":"https:\/\/ese.energy\/pt-pt\/contatti\/","url":"https:\/\/ese.energy\/pt-pt\/contatti\/","name":"Contacto - ESE","isPartOf":{"@id":"https:\/\/ese.energy\/pt-pt\/#website"},"datePublished":"2022-12-20T09:16:40+00:00","dateModified":"2026-02-27T11:19:02+00:00","description":"Bem-vindo \u00e0 p\u00e1gina de contactos do ESE. Aqui pode encontrar todas as informa\u00e7\u00f5es necess\u00e1rias para contactar os nossos escrit\u00f3rios e unidades de neg\u00f3cio, bem como para solicitar assist\u00eancia ou informa\u00e7\u00f5es atrav\u00e9s do formul\u00e1rio da p\u00e1gina. Estamos \u00e0 sua disposi\u00e7\u00e3o para qualquer necessidade, por favor n\u00e3o hesite em contactar-nos!","breadcrumb":{"@id":"https:\/\/ese.energy\/pt-pt\/contatti\/#breadcrumb"},"inLanguage":"pt-PT","potentialAction":[{"@type":"ReadAction","target":["https:\/\/ese.energy\/pt-pt\/contatti\/"]}]},{"@type":"BreadcrumbList","@id":"https:\/\/ese.energy\/pt-pt\/contatti\/#breadcrumb","itemListElement":[{"@type":"ListItem","position":1,"name":"Home","item":"https:\/\/ese.energy\/pt-pt\/"},{"@type":"ListItem","position":2,"name":"Contacto"}]},{"@type":"WebSite","@id":"https:\/\/ese.energy\/pt-pt\/#website","url":"https:\/\/ese.energy\/pt-pt\/","name":"ESE","description":"Efficiency, Saving, Environment","potentialAction":[{"@type":"SearchAction","target":{"@type":"EntryPoint","urlTemplate":"https:\/\/ese.energy\/pt-pt\/?s={search_term_string}"},"query-input":{"@type":"PropertyValueSpecification","valueRequired":true,"valueName":"search_term_string"}}],"inLanguage":"pt-PT"}]}},"uagb_featured_image_src":{"full":false,"thumbnail":false,"medium":false,"medium_large":false,"large":false,"gs-tiny":false,"xl":false,"xxl":false,"xxxl":false,"xxxxl":false,"xxxxxl":false,"1536x1536":false,"2048x2048":false,"post-thumbnail":false,"small-thumb":false,"square-thumb":false,"blog-masonry-thumb":false,"project-thumb":false,"project-masonry-thumb":false,"masonry-thumb":false,"full-thumb":false,"project-full-thumb":false,"full-masonry-thumb":false},"uagb_author_info":{"display_name":"admin","author_link":"https:\/\/ese.energy\/pt-pt\/author\/ese_admin\/"},"uagb_comment_info":0,"uagb_excerpt":"Sede social Corso Giuseppe Garibaldi 8620121 &#8211; Milano ItalyP.IVA 089 99 15 09 67 Sede Administrativa Via San Martino, 87 Q82016 Montesarchio (BN) Italy Unidade de produ\u00e7\u00e3o Via Fontana Gorgona 3803019 Supino Frosinone Unidade operacional Via Sant\u2019Orsola 224122 Bergamo (BG) Contacto Segunda-feira &#8211; sexta-feira: 9:00 &#8211; 13:00 \/ 15:30 &#8211; 18:30 +39 02 87 368...","_links":{"self":[{"href":"https:\/\/ese.energy\/pt-pt\/wp-json\/wp\/v2\/pages\/7486","targetHints":{"allow":["GET"]}}],"collection":[{"href":"https:\/\/ese.energy\/pt-pt\/wp-json\/wp\/v2\/pages"}],"about":[{"href":"https:\/\/ese.energy\/pt-pt\/wp-json\/wp\/v2\/types\/page"}],"author":[{"embeddable":true,"href":"https:\/\/ese.energy\/pt-pt\/wp-json\/wp\/v2\/users\/1"}],"replies":[{"embeddable":true,"href":"https:\/\/ese.energy\/pt-pt\/wp-json\/wp\/v2\/comments?post=7486"}],"version-history":[{"count":3,"href":"https:\/\/ese.energy\/pt-pt\/wp-json\/wp\/v2\/pages\/7486\/revisions"}],"predecessor-version":[{"id":12219,"href":"https:\/\/ese.energy\/pt-pt\/wp-json\/wp\/v2\/pages\/7486\/revisions\/12219"}],"wp:attachment":[{"href":"https:\/\/ese.energy\/pt-pt\/wp-json\/wp\/v2\/media?parent=7486"}],"curies":[{"name":"wp","href":"https:\/\/api.w.org\/{rel}","templated":true}]}}